{"id":47626,"date":"2025-07-08T22:53:47","date_gmt":"2025-07-08T22:53:47","guid":{"rendered":"https:\/\/kmypack.com\/?page_id=47626"},"modified":"2025-07-08T23:19:49","modified_gmt":"2025-07-08T23:19:49","slug":"free-packs-now","status":"publish","type":"page","link":"https:\/\/kmypack.com\/en\/free-packs-now\/","title":{"rendered":"\ud83d\udc69\u200d\ud83e\uddb0 Free Packs"},"content":{"rendered":"<p>Packs gratis, encuntra aqui una serie de packs gratis  sin acortadore sin anuncios totalmente gratis enuentralos aqui  <a href=\"http:\/\/packscaserospormega.com\/\" target=\"_blank\" rel=\"noopener\">http:\/\/packscaserospormega.com\/<\/a><\/p>\n\n\n\n<p><a href=\"https:\/\/kmypack.com\/en\/\" data-type=\"link\" data-id=\"kmypack.com\">home<\/a><\/p>","protected":false},"excerpt":{"rendered":"<p>Packs gratis, encuntra aqui una serie de packs gratis sin acortadore sin anuncios totalmente gratis enuentralos aqui http:\/\/packscaserospormega.com\/ home<\/p>","protected":false},"author":1,"featured_media":47630,"parent":0,"menu_order":0,"comment_status":"closed","ping_status":"closed","template":"","meta":{"jetpack_post_was_ever_published":false,"footnotes":""},"class_list":["post-47626","page","type-page","status-publish","has-post-thumbnail","hentry"],"jetpack_sharing_enabled":true,"jetpack-related-posts":[{"id":14408,"url":"https:\/\/kmypack.com\/en\/contenido-gratis-para-acortadores-de-enlaces\/","url_meta":{"origin":47626,"position":0},"title":"\u2714 Free Content For Link Shorteners","author":"kmy-la","date":"November 21, 2022","format":false,"excerpt":"Aqui te mostrare Contenido Gratis Para Acortadores de Enlaces para que maximises las gananias en el acortador que uses. Lo primero que debes saber es que es contenido para adultos, ya que este contenido es el que mejor funciona para optener ganancias en los acortadores, el contenido que vas a\u2026","rel":"","context":"Similar post","block_context":{"text":"Similar post","link":""},"img":{"alt_text":"Promoci\u00f3n en espa\u00f1ol para ganar dinero acortando enlaces con fondo de billetes y laptop Contenido Gratis Para Acortadores de Enlaces","src":"https:\/\/i0.wp.com\/kmypack.com\/wp-content\/uploads\/2025\/05\/A_promotional_digital_graphic_in_Spanish_encourage.jpg?resize=350%2C200&ssl=1","width":350,"height":200,"srcset":"https:\/\/i0.wp.com\/kmypack.com\/wp-content\/uploads\/2025\/05\/A_promotional_digital_graphic_in_Spanish_encourage.jpg?resize=350%2C200&ssl=1 1x, https:\/\/i0.wp.com\/kmypack.com\/wp-content\/uploads\/2025\/05\/A_promotional_digital_graphic_in_Spanish_encourage.jpg?resize=525%2C300&ssl=1 1.5x, https:\/\/i0.wp.com\/kmypack.com\/wp-content\/uploads\/2025\/05\/A_promotional_digital_graphic_in_Spanish_encourage.jpg?resize=700%2C400&ssl=1 2x"},"classes":[]},{"id":8986,"url":"https:\/\/kmypack.com\/en\/como-ver-los-packs-lfree-nudes-download-pack-onlyfans\/","url_meta":{"origin":47626,"position":1},"title":"\ud83e\udd70 How to View Packs","author":"kmy-la","date":"May 27, 2022","format":false,"excerpt":"Bot\u00f3n Morado Brillante IMPORTANTE: Este sitio web solo estar\u00e1 disponible para quienes nos sigan en Telegram. S\u00edguenos aqu\u00ed. Como ver los packs: Aqu\u00ed hay 1 video tutorial que te ense\u00f1ara a poder saltar las encuestas, tanto en celular como en pc. Recomiendo usar el navegador Google chrome y Opera GX,\u2026","rel":"","context":"Similar post","block_context":{"text":"Similar post","link":""},"img":{"alt_text":"","src":"https:\/\/i0.wp.com\/kmypack.com\/wp-content\/uploads\/2024\/08\/8820ee270cc991543bdda7b630ded4ab-150x150.png?resize=350%2C200&ssl=1","width":350,"height":200,"srcset":"https:\/\/i0.wp.com\/kmypack.com\/wp-content\/uploads\/2024\/08\/8820ee270cc991543bdda7b630ded4ab-150x150.png?resize=350%2C200&ssl=1 1x, https:\/\/i0.wp.com\/kmypack.com\/wp-content\/uploads\/2024\/08\/8820ee270cc991543bdda7b630ded4ab-150x150.png?resize=525%2C300&ssl=1 1.5x"},"classes":[]},{"id":22484,"url":"https:\/\/kmypack.com\/en\/indice-free-nudes-download-pack-onlyfans\/","url_meta":{"origin":47626,"position":2},"title":"\ud83d\udc9e \u00cdndice De Modelos","author":"kmy","date":"January 31, 2024","format":false,"excerpt":"Explora el \u00edndice completo de modelos con nudes pack HD, fotos y videos exclusivos. Encuentra r\u00e1pidamente contenido organizado por nombre con acceso a packs actualizados. \u00bfQu\u00e9 encontrar\u00e1s en este listado? Este \u00edndice re\u00fane cientos de modelos clasificadas de la A a la Z, permitiendo navegar f\u00e1cilmente entre perfiles y descubrir\u2026","rel":"","context":"Similar post","block_context":{"text":"Similar post","link":""},"img":{"alt_text":"","src":"","width":0,"height":0},"classes":[]},{"id":51350,"url":"https:\/\/kmypack.com\/en\/camaras-ocultas-hot-y-xxxx\/","url_meta":{"origin":47626,"position":3},"title":"\ud83c\udfac Hidden Cameras","author":"kmy","date":"October 21, 2025","format":false,"excerpt":"\ud83c\udfac C\u00e1maras Ocultas Contenido xxx Descubre los videos m\u00e1s sorprendentes de c\u00e1maras secretas y grabaciones reales captadas sin que nadie lo note. Videos hot y xxx con c\u00e1maras esp\u00eda y mini c\u00e1maras de seguridad, aqu\u00ed encontrar\u00e1s contenido lleno de amor, pasi\u00f3n, lujuria, cachos, perversiones, fetiches, y mucho mas. las mejores\u2026","rel":"","context":"Similar post","block_context":{"text":"Similar post","link":""},"img":{"alt_text":"\ud83c\udfac C\u00e1maras Ocultas","src":"https:\/\/i0.wp.com\/kmypack.com\/wp-content\/uploads\/2025\/10\/Captura-de-pantalla-2025-10-21-183537.png?resize=350%2C200&ssl=1","width":350,"height":200,"srcset":"https:\/\/i0.wp.com\/kmypack.com\/wp-content\/uploads\/2025\/10\/Captura-de-pantalla-2025-10-21-183537.png?resize=350%2C200&ssl=1 1x, https:\/\/i0.wp.com\/kmypack.com\/wp-content\/uploads\/2025\/10\/Captura-de-pantalla-2025-10-21-183537.png?resize=525%2C300&ssl=1 1.5x, https:\/\/i0.wp.com\/kmypack.com\/wp-content\/uploads\/2025\/10\/Captura-de-pantalla-2025-10-21-183537.png?resize=700%2C400&ssl=1 2x"},"classes":[]},{"id":51416,"url":"https:\/\/kmypack.com\/en\/espiadas-con-camara-oculta-xxx\/","url_meta":{"origin":47626,"position":4},"title":"\ud83d\udd0e Spies","author":"kmy","date":"October 28, 2025","format":false,"excerpt":"\ud83d\udd0e Espiadas con c\u00e1mara oculta Descubre los videos m\u00e1s sorprendentes de personas, mujeres, parejas que son\u00a0espiadas en publico, en los ba\u00f1os, en la cama, y mucho mas, con c\u00e1maras secretas\u00a0son grabaciones reales captadas sin que nadie lo note. Videos\u00a0hot\u00a0y\u00a0xxx\u00a0con\u00a0c\u00e1maras y mini c\u00e1maras de seguridad, aqu\u00ed encontrar\u00e1s contenido lleno de sigilo,\u2026","rel":"","context":"Similar post","block_context":{"text":"Similar post","link":""},"img":{"alt_text":"\ud83d\udd0e Espiadas","src":"https:\/\/i0.wp.com\/kmypack.com\/wp-content\/uploads\/2025\/10\/Captura-de-pantalla-2025-10-28-165151-150x150.png?resize=350%2C200&ssl=1","width":350,"height":200},"classes":[]},{"id":8982,"url":"https:\/\/kmypack.com\/en\/telegram-la-casa-del-pack-free-nudes-here\/","url_meta":{"origin":47626,"position":5},"title":"\ud83d\udd1e Telegram","author":"kmy-la","date":"May 27, 2022","format":false,"excerpt":"S\u00edguenos en Telegram En un mundo en constante evoluci\u00f3n, donde la tecnolog\u00eda y la conectividad son esenciales, Telegram se ha convertido en una de las plataformas m\u00e1s populares para compartir contenido de manera instant\u00e1nea. Entre todos los canales y grupos disponibles, uno destaca por encima de los dem\u00e1s cuando se\u2026","rel":"","context":"Similar post","block_context":{"text":"Similar post","link":""},"img":{"alt_text":"","src":"https:\/\/i0.wp.com\/kmypack.com\/wp-content\/uploads\/2025\/11\/DALL%C2%B7E-2024-11-03-19.28.04-A-visually-striking-digital-image-featuring-the-word-Telegram-in-bold-modern-typography.-The-background-should-be-a-gradient-of-cool-blues-and-whit.webp?resize=350%2C200&ssl=1","width":350,"height":200,"srcset":"https:\/\/i0.wp.com\/kmypack.com\/wp-content\/uploads\/2025\/11\/DALL%C2%B7E-2024-11-03-19.28.04-A-visually-striking-digital-image-featuring-the-word-Telegram-in-bold-modern-typography.-The-background-should-be-a-gradient-of-cool-blues-and-whit.webp?resize=350%2C200&ssl=1 1x, https:\/\/i0.wp.com\/kmypack.com\/wp-content\/uploads\/2025\/11\/DALL%C2%B7E-2024-11-03-19.28.04-A-visually-striking-digital-image-featuring-the-word-Telegram-in-bold-modern-typography.-The-background-should-be-a-gradient-of-cool-blues-and-whit.webp?resize=525%2C300&ssl=1 1.5x, https:\/\/i0.wp.com\/kmypack.com\/wp-content\/uploads\/2025\/11\/DALL%C2%B7E-2024-11-03-19.28.04-A-visually-striking-digital-image-featuring-the-word-Telegram-in-bold-modern-typography.-The-background-should-be-a-gradient-of-cool-blues-and-whit.webp?resize=700%2C400&ssl=1 2x"},"classes":[]}],"_links":{"self":[{"href":"https:\/\/kmypack.com\/en\/wp-json\/wp\/v2\/pages\/47626","targetHints":{"allow":["GET"]}}],"collection":[{"href":"https:\/\/kmypack.com\/en\/wp-json\/wp\/v2\/pages"}],"about":[{"href":"https:\/\/kmypack.com\/en\/wp-json\/wp\/v2\/types\/page"}],"author":[{"embeddable":true,"href":"https:\/\/kmypack.com\/en\/wp-json\/wp\/v2\/users\/1"}],"replies":[{"embeddable":true,"href":"https:\/\/kmypack.com\/en\/wp-json\/wp\/v2\/comments?post=47626"}],"version-history":[{"count":0,"href":"https:\/\/kmypack.com\/en\/wp-json\/wp\/v2\/pages\/47626\/revisions"}],"wp:featuredmedia":[{"embeddable":true,"href":"https:\/\/kmypack.com\/en\/wp-json\/wp\/v2\/media\/47630"}],"wp:attachment":[{"href":"https:\/\/kmypack.com\/en\/wp-json\/wp\/v2\/media?parent=47626"}],"curies":[{"name":"wp","href":"https:\/\/api.w.org\/{rel}","templated":true}]}}