{"id":47999,"date":"2025-07-13T20:27:48","date_gmt":"2025-07-13T20:27:48","guid":{"rendered":"https:\/\/kmypack.com\/?page_id=47999"},"modified":"2026-02-01T20:47:25","modified_gmt":"2026-02-01T20:47:25","slug":"free-pack-today","status":"publish","type":"page","link":"https:\/\/kmypack.com\/en\/free-pack-today\/","title":{"rendered":"\ud83d\udc96 Free Pack Today"},"content":{"rendered":"\n<h2 class=\"wp-block-heading\">Free Pack Today  \u2728\u2728\u2728\u2728<\/h2>\n\n\n\n<p>Descarga 1 pack grtis sin acortadores sin anuncios directo al servidor de mega. \ud83d\udc47\ud83d\udc47 Click al boton \ud83d\udc47\ud83d\udc47<\/p>\n\n\n\n<style>\n  .btn-container {\n    display: flex;\n    justify-content: center;\n    align-items: center;\n    width: 100%;\n    margin: 20px 0;\n  }\n  \n  .super-btn {\n    display: inline-block;\n    padding: 16px 32px;\n    background: linear-gradient(135deg, #FF416C 0%, #FF4B2B 100%);\n    color: white !important;\n    text-align: center;\n    text-decoration: none;\n    font-weight: 800;\n    font-size: 18px;\n    border-radius: 50px;\n    border: none;\n    cursor: pointer;\n    transition: all 0.4s ease;\n    max-width: 90%;\n    box-shadow: 0 4px 15px rgba(255, 75, 43, 0.4);\n    text-transform: uppercase;\n    letter-spacing: 1px;\n    position: relative;\n    overflow: hidden;\n    font-family: 'Arial', sans-serif;\n  }\n  \n  .super-btn:hover {\n    transform: translateY(-3px);\n    box-shadow: 0 8px 20px rgba(255, 75, 43, 0.6);\n    background: linear-gradient(135deg, #FF4B2B 0%, #FF416C 100%);\n  }\n  \n  .super-btn:active {\n    transform: translateY(1px);\n  }\n  \n  .super-btn::after {\n    content: '';\n    position: absolute;\n    top: 0;\n    left: 0;\n    width: 100%;\n    height: 100%;\n    background: linear-gradient(135deg, rgba(255,255,255,0.2) 0%, rgba(255,255,255,0) 50%);\n    border-radius: 50px;\n  }\n  \n  @media (max-width: 480px) {\n    .super-btn {\n      padding: 14px 28px;\n      font-size: 16px;\n      width: 100%;\n    }\n  }\n<\/style>\n\n<div class=\"btn-container\">\n  <a href=\"https:\/\/mega.nz\/folder\/Aco1ELpC#yqrLxbyy_lJDR_YSX55Gbg\" class=\"super-btn\" aria-label=\"Descargar pack\" target=\"_blank\" rel=\"noopener noreferrer\">\n    CLICK AQU\u00cd \u279c\n  <\/a>\n<\/div>\n\n\n\n<hr class=\"wp-block-separator has-alpha-channel-opacity\"\/>\n\n\n\n<script>\n  atOptions = {\n    'key' : '56edf63371836f4ebe7c48c48843399d',\n    'format' : 'iframe',\n    'height' : 90,\n    'width' : 728,\n    'params' : {}\n  };\n<\/script>\n<script src=\"https:\/\/herbalraising.com\/56edf63371836f4ebe7c48c48843399d\/invoke.js\"><\/script>\n\n\n\n<h3 class=\"wp-block-heading has-text-align-center\">Mas videos caseros variados.<br>Cual te gusto mas?<\/h3>\n\n\n\n<p class=\"has-text-align-center\"><strong>Video completo aqui:<\/strong> <a href=\"https:\/\/1024terabox.com\/s\/1t76D5R04hhnnUBJwcAfaIw\" target=\"_blank\" rel=\"noopener\">https:\/\/1024terabox.com\/s\/1t76D5R04hhnnUBJwcAfaIw<\/a><\/p>\n\n\n\n<p class=\"has-text-align-center\"><strong>Video completo aqui:<\/strong> <a href=\"https:\/\/1024terabox.com\/s\/1x7cLxf4uOiJKX8jPP6Y9fg\" target=\"_blank\" rel=\"noopener\">https:\/\/1024terabox.com\/s\/1x7cLxf4uOiJKX8jPP6Y9fg<\/a><\/p>\n\n\n\n<p class=\"has-text-align-center\"><strong>Video completo aqui:<\/strong> <a href=\"https:\/\/1024terabox.com\/s\/1U3XxV_kpYZ-qXp9OTpA9fQ\" target=\"_blank\" rel=\"noopener\">https:\/\/1024terabox.com\/s\/1U3XxV_kpYZ-qXp9OTpA9fQ<\/a><\/p>\n\n\n\n<p class=\"has-text-align-center\"><strong>Video completo aqui:<\/strong> <a href=\"https:\/\/1024terabox.com\/s\/1mm01l96tB1CT1B56q-fxbA\" target=\"_blank\" rel=\"noopener\">https:\/\/1024terabox.com\/s\/1mm01l96tB1CT1B56q-fxbA<\/a><\/p>\n\n\n\n<p class=\"has-text-align-center\"><strong>Video completo aqui:<\/strong> <a href=\"https:\/\/1024terabox.com\/s\/1DsT9xf5z5jFllo5UKOyHdA\" target=\"_blank\" rel=\"noopener\">https:\/\/1024terabox.com\/s\/1DsT9xf5z5jFllo5UKOyHdA<\/a><\/p>\n\n\n\n<p class=\"has-text-align-center\"><strong>Video completo aqui:<\/strong> <a href=\"https:\/\/1024terabox.com\/s\/1OIR7OdXYwom8rDelGLvrfg\" target=\"_blank\" rel=\"noopener\">https:\/\/1024terabox.com\/s\/1OIR7OdXYwom8rDelGLvrfg<\/a><\/p>\n\n\n\n<p class=\"has-text-align-center\"><strong>Video completo aqui:<\/strong> <a href=\"https:\/\/1024terabox.com\/s\/1akqVXaObS1VeAAdsXzinYQ\" target=\"_blank\" rel=\"noopener\">https:\/\/1024terabox.com\/s\/1akqVXaObS1VeAAdsXzinYQ<\/a><\/p>\n\n\n\n<p class=\"has-text-align-center\"><strong>Video completo aqui:<\/strong> <a href=\"https:\/\/1024terabox.com\/s\/1oH3Luv8N8Pa-YskhCD0KCw\" target=\"_blank\" rel=\"noopener\">https:\/\/1024terabox.com\/s\/1oH3Luv8N8Pa-YskhCD0KCw<\/a><\/p>\n\n\n\n<p class=\"has-text-align-center\"><strong>Video completo aqui:<\/strong> <a href=\"https:\/\/1024terabox.com\/s\/1Ri9VGjBgDmdm9z9QXclDuw\" target=\"_blank\" rel=\"noopener\">https:\/\/1024terabox.com\/s\/1Ri9VGjBgDmdm9z9QXclDuw<\/a><\/p>\n\n\n\n<p class=\"has-text-align-center\"><strong>Video completo aqui:<\/strong> <a href=\"https:\/\/1024terabox.com\/s\/1NXL7LEQd2yIiMvNehcktlA\" target=\"_blank\" rel=\"noopener\">https:\/\/1024terabox.com\/s\/1NXL7LEQd2yIiMvNehcktlA<\/a><\/p>\n\n\n\n<p class=\"has-text-align-center\"><strong>Video completo aqui:<\/strong> <a href=\"https:\/\/1024terabox.com\/s\/1cwfJzE2ubc-npw5-600Fhg\" target=\"_blank\" rel=\"noopener\">https:\/\/1024terabox.com\/s\/1cwfJzE2ubc-npw5-600Fhg<\/a><\/p>\n\n\n\n<p class=\"has-text-align-center\"><strong>Video completo aqui:<\/strong> <a href=\"https:\/\/1024terabox.com\/s\/1oto8bo5xT-dpvkKa6njaCw\" target=\"_blank\" rel=\"noopener\">https:\/\/1024terabox.com\/s\/1oto8bo5xT-dpvkKa6njaCw<\/a><\/p>\n\n\n\n<p class=\"has-text-align-center\"><strong>Video completo aqui:<\/strong> <a href=\"https:\/\/1024tera.com\/s\/1xTxUAb5B2CFEl8DEz6T6vQ\" target=\"_blank\" rel=\"noopener\">https:\/\/1024tera.com\/s\/1xTxUAb5B2CFEl8DEz6T6vQ<\/a><\/p>\n\n\n\n<p><a href=\"https:\/\/kmypack.com\/en\/como-ver-los-packs-lfree-nudes-download-pack-onlyfans\/\">Home<\/a><\/p>\n\n\n\n<figure class=\"wp-block-gallery has-nested-images columns-default is-cropped wp-block-gallery-1 is-layout-flex wp-block-gallery-is-layout-flex\">\n<figure class=\"wp-block-image size-large\"><img loading=\"lazy\" decoding=\"async\" width=\"683\" height=\"1024\" data-attachment-id=\"48112\" data-permalink=\"https:\/\/kmypack.com\/en\/free-pack-today\/chatgpt-image-14-jul-2025-02_10_49-p-m\/\" data-orig-file=\"https:\/\/kmypack.com\/wp-content\/uploads\/2025\/07\/ChatGPT-Image-14-jul-2025-02_10_49-p.m.png\" data-orig-size=\"1024,1536\" data-comments-opened=\"1\" data-image-meta=\"{&quot;aperture&quot;:&quot;0&quot;,&quot;credit&quot;:&quot;&quot;,&quot;camera&quot;:&quot;&quot;,&quot;caption&quot;:&quot;&quot;,&quot;created_timestamp&quot;:&quot;0&quot;,&quot;copyright&quot;:&quot;&quot;,&quot;focal_length&quot;:&quot;0&quot;,&quot;iso&quot;:&quot;0&quot;,&quot;shutter_speed&quot;:&quot;0&quot;,&quot;title&quot;:&quot;&quot;,&quot;orientation&quot;:&quot;0&quot;}\" data-image-title=\"ChatGPT Image 14 jul 2025, 02_10_49 p.m.\" data-image-description=\"\" data-image-caption=\"\" data-large-file=\"https:\/\/kmypack.com\/wp-content\/uploads\/2025\/07\/ChatGPT-Image-14-jul-2025-02_10_49-p.m-683x1024.png\" data-id=\"48112\" src=\"https:\/\/kmypack.com\/wp-content\/uploads\/2025\/07\/ChatGPT-Image-14-jul-2025-02_10_49-p.m-683x1024.png\" alt=\"free pack today\" class=\"wp-image-48112\" title=\"\" srcset=\"https:\/\/kmypack.com\/wp-content\/uploads\/2025\/07\/ChatGPT-Image-14-jul-2025-02_10_49-p.m-683x1024.png 683w, https:\/\/kmypack.com\/wp-content\/uploads\/2025\/07\/ChatGPT-Image-14-jul-2025-02_10_49-p.m-200x300.png 200w, https:\/\/kmypack.com\/wp-content\/uploads\/2025\/07\/ChatGPT-Image-14-jul-2025-02_10_49-p.m-768x1152.png 768w, https:\/\/kmypack.com\/wp-content\/uploads\/2025\/07\/ChatGPT-Image-14-jul-2025-02_10_49-p.m-8x12.png 8w, https:\/\/kmypack.com\/wp-content\/uploads\/2025\/07\/ChatGPT-Image-14-jul-2025-02_10_49-p.m.png 1024w\" sizes=\"auto, (max-width: 683px) 100vw, 683px\" \/><figcaption class=\"wp-element-caption\">free pack today<\/figcaption><\/figure>\n\n\n\n<figure class=\"wp-block-image size-large\"><img loading=\"lazy\" decoding=\"async\" width=\"683\" height=\"1024\" data-attachment-id=\"48068\" data-permalink=\"https:\/\/kmypack.com\/en\/free-pack-today\/chatgpt-image-13-jul-2025-03_50_08-p-m\/\" data-orig-file=\"https:\/\/kmypack.com\/wp-content\/uploads\/2025\/07\/ChatGPT-Image-13-jul-2025-03_50_08-p.m.png\" data-orig-size=\"1024,1536\" data-comments-opened=\"1\" data-image-meta=\"{&quot;aperture&quot;:&quot;0&quot;,&quot;credit&quot;:&quot;&quot;,&quot;camera&quot;:&quot;&quot;,&quot;caption&quot;:&quot;&quot;,&quot;created_timestamp&quot;:&quot;0&quot;,&quot;copyright&quot;:&quot;&quot;,&quot;focal_length&quot;:&quot;0&quot;,&quot;iso&quot;:&quot;0&quot;,&quot;shutter_speed&quot;:&quot;0&quot;,&quot;title&quot;:&quot;&quot;,&quot;orientation&quot;:&quot;0&quot;}\" data-image-title=\"ChatGPT Image 13 jul 2025, 03_50_08 p.m.\" data-image-description=\"\" data-image-caption=\"\" data-large-file=\"https:\/\/kmypack.com\/wp-content\/uploads\/2025\/07\/ChatGPT-Image-13-jul-2025-03_50_08-p.m-683x1024.png\" data-id=\"48068\" src=\"https:\/\/kmypack.com\/wp-content\/uploads\/2025\/07\/ChatGPT-Image-13-jul-2025-03_50_08-p.m-683x1024.png\" alt=\"free pack today\" class=\"wp-image-48068\" title=\"\" srcset=\"https:\/\/kmypack.com\/wp-content\/uploads\/2025\/07\/ChatGPT-Image-13-jul-2025-03_50_08-p.m-683x1024.png 683w, https:\/\/kmypack.com\/wp-content\/uploads\/2025\/07\/ChatGPT-Image-13-jul-2025-03_50_08-p.m-200x300.png 200w, https:\/\/kmypack.com\/wp-content\/uploads\/2025\/07\/ChatGPT-Image-13-jul-2025-03_50_08-p.m-768x1152.png 768w, https:\/\/kmypack.com\/wp-content\/uploads\/2025\/07\/ChatGPT-Image-13-jul-2025-03_50_08-p.m-8x12.png 8w, https:\/\/kmypack.com\/wp-content\/uploads\/2025\/07\/ChatGPT-Image-13-jul-2025-03_50_08-p.m.png 1024w\" sizes=\"auto, (max-width: 683px) 100vw, 683px\" \/><figcaption class=\"wp-element-caption\">free pack today<\/figcaption><\/figure>\n<\/figure>\n\n\n\n<script>\ndocument.addEventListener('DOMContentLoaded', function() {\n    \/\/ Configuraci\u00f3n\n    const popunderUrl = 'https:\/\/gaspcommercehermione.com\/w04n6ptcvs?key=4c4a495c8d73dca6b2daa92ac4bc1f47';\n    const maxPopundersPerSession = 4; \/\/ L\u00edmite de 4 por sesi\u00f3n\n    let popunderCount = 0;\n    let canShow = true;\n    let lastTriggerTime = 0;\n\n    \/\/ Funci\u00f3n mejorada para abrir popunder\n    function openFullscreenPopunder() {\n        if (popunderCount >= maxPopundersPerSession) return;\n        if (!canShow) return;\n        \n        const now = Date.now();\n        if (now - lastTriggerTime < 50000) return; \/\/ Esperar 50s entre aperturas\n\n        \/\/ T\u00e9cnica de doble apertura para evitar bloqueos\n        const newWindow = window.open('about:blank', '_blank');\n        \n        if (newWindow) {\n            try {\n                \/\/ Redirecci\u00f3n con retraso\n                setTimeout(() => {\n                    newWindow.location.href = popunderUrl;\n                    popunderCount++;\n                    lastTriggerTime = Date.now();\n                    canShow = false;\n\n                    \/\/ Temporizador para reactivar\n                    setTimeout(() => {\n                        canShow = true;\n                    }, 50000);\n\n                    \/\/ Intentar pantalla completa despu\u00e9s de carga\n                    setTimeout(() => {\n                        try {\n                            if (newWindow.document.documentElement.requestFullscreen) {\n                                newWindow.document.documentElement.requestFullscreen();\n                            }\n                            window.focus();\n                        } catch(e) {}\n                    }, 1000);\n                }, 100);\n            } catch(e) {\n                console.error('Error:', e);\n            }\n        }\n    }\n\n    \/\/ Control de clics mejorado\n    function handleClick(e) {\n        if (e.target.closest('a, button, [onclick]')) return;\n        if (popunderCount >= maxPopundersPerSession) return;\n        \n        requestAnimationFrame(() => {\n            openFullscreenPopunder();\n        });\n    }\n\n    \/\/ Inicializaci\u00f3n retardada\n    setTimeout(() => {\n        \/\/ M\u00faltiples triggers (mejor cobertura)\n        document.addEventListener('click', handleClick, {passive: true});\n        \n        \/\/ Exit Intent (para maximizar aperturas)\n        document.addEventListener('mouseout', (e) => {\n            if (!e.relatedTarget && popunderCount < maxPopundersPerSession) {\n                openFullscreenPopunder();\n            }\n        });\n    }, 3000);\n\n    \/\/ Guardar contador en sessionStorage para recargas\n    window.addEventListener('beforeunload', () => {\n        sessionStorage.setItem('popunderCount', popunderCount);\n    });\n\n    \/\/ Recuperar contador si existe\n    const savedCount = sessionStorage.getItem('popunderCount');\n    if (savedCount) {\n        popunderCount = Math.min(parseInt(savedCount), maxPopundersPerSession);\n    }\n});\n<\/script>\n","protected":false},"excerpt":{"rendered":"<p>Free Pack Today \u2728\u2728\u2728\u2728 Descarga 1 pack grtis sin acortadores sin anuncios directo al servidor de mega. \ud83d\udc47\ud83d\udc47 Click al boton \ud83d\udc47\ud83d\udc47 CLICK AQU\u00cd \u279c Mas videos caseros variados.Cual te gusto mas? Video completo aqui: https:\/\/1024terabox.com\/s\/1t76D5R04hhnnUBJwcAfaIw Video completo aqui: https:\/\/1024terabox.com\/s\/1x7cLxf4uOiJKX8jPP6Y9fg Video completo aqui: https:\/\/1024terabox.com\/s\/1U3XxV_kpYZ-qXp9OTpA9fQ Video completo aqui: https:\/\/1024terabox.com\/s\/1mm01l96tB1CT1B56q-fxbA Video completo aqui: https:\/\/1024terabox.com\/s\/1DsT9xf5z5jFllo5UKOyHdA Video completo aqui: [&hellip;]<\/p>\n","protected":false},"author":1,"featured_media":48112,"parent":0,"menu_order":0,"comment_status":"closed","ping_status":"closed","template":"","meta":{"jetpack_post_was_ever_published":false,"footnotes":""},"class_list":["post-47999","page","type-page","status-publish","has-post-thumbnail","hentry"],"jetpack_sharing_enabled":true,"jetpack-related-posts":[{"id":51350,"url":"https:\/\/kmypack.com\/en\/camaras-ocultas-hot-y-xxxx\/","url_meta":{"origin":47999,"position":0},"title":"\ud83c\udfac Hidden Cameras","author":"kmy","date":"October 21, 2025","format":false,"excerpt":"\ud83c\udfac C\u00e1maras Ocultas Contenido xxx Descubre los videos m\u00e1s sorprendentes de c\u00e1maras secretas y grabaciones reales captadas sin que nadie lo note. Videos hot y xxx con c\u00e1maras esp\u00eda y mini c\u00e1maras de seguridad, aqu\u00ed encontrar\u00e1s contenido lleno de amor, pasi\u00f3n, lujuria, cachos, perversiones, fetiches, y mucho mas. las mejores\u2026","rel":"","context":"Similar post","block_context":{"text":"Similar post","link":""},"img":{"alt_text":"\ud83c\udfac C\u00e1maras Ocultas","src":"https:\/\/i0.wp.com\/kmypack.com\/wp-content\/uploads\/2025\/10\/Captura-de-pantalla-2025-10-21-183537.png?resize=350%2C200&ssl=1","width":350,"height":200,"srcset":"https:\/\/i0.wp.com\/kmypack.com\/wp-content\/uploads\/2025\/10\/Captura-de-pantalla-2025-10-21-183537.png?resize=350%2C200&ssl=1 1x, https:\/\/i0.wp.com\/kmypack.com\/wp-content\/uploads\/2025\/10\/Captura-de-pantalla-2025-10-21-183537.png?resize=525%2C300&ssl=1 1.5x, https:\/\/i0.wp.com\/kmypack.com\/wp-content\/uploads\/2025\/10\/Captura-de-pantalla-2025-10-21-183537.png?resize=700%2C400&ssl=1 2x"},"classes":[]},{"id":51416,"url":"https:\/\/kmypack.com\/en\/espiadas-con-camara-oculta-xxx\/","url_meta":{"origin":47999,"position":1},"title":"\ud83d\udd0e Spies","author":"kmy","date":"October 28, 2025","format":false,"excerpt":"\ud83d\udd0e Espiadas con c\u00e1mara oculta Descubre los videos m\u00e1s sorprendentes de personas, mujeres, parejas que son\u00a0espiadas en publico, en los ba\u00f1os, en la cama, y mucho mas, con c\u00e1maras secretas\u00a0son grabaciones reales captadas sin que nadie lo note. Videos\u00a0hot\u00a0y\u00a0xxx\u00a0con\u00a0c\u00e1maras y mini c\u00e1maras de seguridad, aqu\u00ed encontrar\u00e1s contenido lleno de sigilo,\u2026","rel":"","context":"Similar post","block_context":{"text":"Similar post","link":""},"img":{"alt_text":"\ud83d\udd0e Espiadas","src":"https:\/\/i0.wp.com\/kmypack.com\/wp-content\/uploads\/2025\/10\/Captura-de-pantalla-2025-10-28-165151-150x150.png?resize=350%2C200&ssl=1","width":350,"height":200},"classes":[]},{"id":8982,"url":"https:\/\/kmypack.com\/en\/telegram-la-casa-del-pack-free-nudes-here\/","url_meta":{"origin":47999,"position":2},"title":"\ud83d\udd1e Telegram","author":"kmy-la","date":"May 27, 2022","format":false,"excerpt":"S\u00edguenos en Telegram En un mundo en constante evoluci\u00f3n, donde la tecnolog\u00eda y la conectividad son esenciales, Telegram se ha convertido en una de las plataformas m\u00e1s populares para compartir contenido de manera instant\u00e1nea. Entre todos los canales y grupos disponibles, uno destaca por encima de los dem\u00e1s cuando se\u2026","rel":"","context":"Similar post","block_context":{"text":"Similar post","link":""},"img":{"alt_text":"","src":"https:\/\/i0.wp.com\/kmypack.com\/wp-content\/uploads\/2025\/11\/DALL%C2%B7E-2024-11-03-19.28.04-A-visually-striking-digital-image-featuring-the-word-Telegram-in-bold-modern-typography.-The-background-should-be-a-gradient-of-cool-blues-and-whit.webp?resize=350%2C200&ssl=1","width":350,"height":200,"srcset":"https:\/\/i0.wp.com\/kmypack.com\/wp-content\/uploads\/2025\/11\/DALL%C2%B7E-2024-11-03-19.28.04-A-visually-striking-digital-image-featuring-the-word-Telegram-in-bold-modern-typography.-The-background-should-be-a-gradient-of-cool-blues-and-whit.webp?resize=350%2C200&ssl=1 1x, https:\/\/i0.wp.com\/kmypack.com\/wp-content\/uploads\/2025\/11\/DALL%C2%B7E-2024-11-03-19.28.04-A-visually-striking-digital-image-featuring-the-word-Telegram-in-bold-modern-typography.-The-background-should-be-a-gradient-of-cool-blues-and-whit.webp?resize=525%2C300&ssl=1 1.5x, https:\/\/i0.wp.com\/kmypack.com\/wp-content\/uploads\/2025\/11\/DALL%C2%B7E-2024-11-03-19.28.04-A-visually-striking-digital-image-featuring-the-word-Telegram-in-bold-modern-typography.-The-background-should-be-a-gradient-of-cool-blues-and-whit.webp?resize=700%2C400&ssl=1 2x"},"classes":[]},{"id":8986,"url":"https:\/\/kmypack.com\/en\/como-ver-los-packs-lfree-nudes-download-pack-onlyfans\/","url_meta":{"origin":47999,"position":3},"title":"\ud83e\udd70 How to View Packs","author":"kmy-la","date":"May 27, 2022","format":false,"excerpt":"Bot\u00f3n Morado Brillante IMPORTANTE: Este sitio web solo estar\u00e1 disponible para quienes nos sigan en Telegram. S\u00edguenos aqu\u00ed. Como ver los packs: Aqu\u00ed hay 1 video tutorial que te ense\u00f1ara a poder saltar las encuestas, tanto en celular como en pc. Recomiendo usar el navegador Google chrome y Opera GX,\u2026","rel":"","context":"Similar post","block_context":{"text":"Similar post","link":""},"img":{"alt_text":"","src":"https:\/\/i0.wp.com\/kmypack.com\/wp-content\/uploads\/2024\/08\/8820ee270cc991543bdda7b630ded4ab-150x150.png?resize=350%2C200&ssl=1","width":350,"height":200,"srcset":"https:\/\/i0.wp.com\/kmypack.com\/wp-content\/uploads\/2024\/08\/8820ee270cc991543bdda7b630ded4ab-150x150.png?resize=350%2C200&ssl=1 1x, https:\/\/i0.wp.com\/kmypack.com\/wp-content\/uploads\/2024\/08\/8820ee270cc991543bdda7b630ded4ab-150x150.png?resize=525%2C300&ssl=1 1.5x"},"classes":[]},{"id":22484,"url":"https:\/\/kmypack.com\/en\/indice-free-nudes-download-pack-onlyfans\/","url_meta":{"origin":47999,"position":4},"title":"\ud83d\udc9e \u00cdndice De Modelos","author":"kmy","date":"January 31, 2024","format":false,"excerpt":"Explora el \u00edndice completo de modelos con nudes pack HD, fotos y videos exclusivos. Encuentra r\u00e1pidamente contenido organizado por nombre con acceso a packs actualizados. \u00bfQu\u00e9 encontrar\u00e1s en este listado? Este \u00edndice re\u00fane cientos de modelos clasificadas de la A a la Z, permitiendo navegar f\u00e1cilmente entre perfiles y descubrir\u2026","rel":"","context":"Similar post","block_context":{"text":"Similar post","link":""},"img":{"alt_text":"","src":"","width":0,"height":0},"classes":[]}],"_links":{"self":[{"href":"https:\/\/kmypack.com\/en\/wp-json\/wp\/v2\/pages\/47999","targetHints":{"allow":["GET"]}}],"collection":[{"href":"https:\/\/kmypack.com\/en\/wp-json\/wp\/v2\/pages"}],"about":[{"href":"https:\/\/kmypack.com\/en\/wp-json\/wp\/v2\/types\/page"}],"author":[{"embeddable":true,"href":"https:\/\/kmypack.com\/en\/wp-json\/wp\/v2\/users\/1"}],"replies":[{"embeddable":true,"href":"https:\/\/kmypack.com\/en\/wp-json\/wp\/v2\/comments?post=47999"}],"version-history":[{"count":0,"href":"https:\/\/kmypack.com\/en\/wp-json\/wp\/v2\/pages\/47999\/revisions"}],"wp:featuredmedia":[{"embeddable":true,"href":"https:\/\/kmypack.com\/en\/wp-json\/wp\/v2\/media\/48112"}],"wp:attachment":[{"href":"https:\/\/kmypack.com\/en\/wp-json\/wp\/v2\/media?parent=47999"}],"curies":[{"name":"wp","href":"https:\/\/api.w.org\/{rel}","templated":true}]}}