{"id":51350,"date":"2025-10-21T23:59:34","date_gmt":"2025-10-21T23:59:34","guid":{"rendered":"https:\/\/kmypack.com\/?page_id=51350"},"modified":"2026-02-26T20:37:50","modified_gmt":"2026-02-26T20:37:50","slug":"camaras-ocultas-hot-y-xxxx","status":"publish","type":"page","link":"https:\/\/kmypack.com\/en\/camaras-ocultas-hot-y-xxxx\/","title":{"rendered":"\ud83c\udfac Hidden Cameras"},"content":{"rendered":"<h2 class=\"wp-block-heading\">\ud83c\udfac Hidden Camera XXX Content<\/h2>\n\n\n\n<p>Discover the Most Amazing Videos of <strong>secret cameras<\/strong> and real recordings captured without anyone noticing. Videos, <strong>hot<\/strong> and <strong>XXX<\/strong> with <strong>spy cameras and mini security cameras<\/strong>, here you'll find content full of love, passion, lust, cheating, perversions, fetishes, and much more.<br> the best <strong><a href=\"https:\/\/herbalraising.com\/w04n6ptcvs?key=4c4a495c8d73dca6b2daa92ac4bc1f47\" data-type=\"link\" data-id=\"https:\/\/herbalraising.com\/w04n6ptcvs?key=4c4a495c8d73dca6b2daa92ac4bc1f47\" target=\"_blank\" rel=\"noreferrer noopener\">secret cameras<\/a><\/strong> From 2025 only here, come and enjoy the most viral moments secretly recorded. \ud83d\udc40<\/p>\n\n\n\n<p><\/p>\n\n\n\n<!DOCTYPE html>\n<html lang=\"es\">\n<head>\n  <meta charset=\"UTF-8\">\n  <title>Bot\u00f3n Telegram Aqu\u00ed<\/title>\n  <style>\n    @keyframes pulse {\n      0% {\n        transform: scale(1);\n        box-shadow: 0 0 0 0 rgba(0, 123, 255, 0.7);\n      }\n      70% {\n        transform: scale(1.1);\n        box-shadow: 0 0 20px 10px rgba(0, 123, 255, 0);\n      }\n      100% {\n        transform: scale(1);\n        box-shadow: 0 0 0 0 rgba(0, 123, 255, 0);\n      }\n    }\n\n    .boton-telegram {\n      display: inline-block;\n      background: linear-gradient(45deg, #0088cc, #00bfff);\n      color: white;\n      padding: 18px 32px;\n      font-size: 22px;\n      font-weight: bold;\n      border-radius: 50px;\n      text-decoration: none;\n      animation: pulse 1.5s infinite;\n      transition: transform 0.3s ease, background 0.3s ease;\n      box-shadow: 0 5px 15px rgba(0, 123, 255, 0.6);\n      text-transform: uppercase;\n      letter-spacing: 1px;\n      text-shadow: 1px 1px 3px #000;\n    }\n\n    .boton-telegram:hover {\n      transform: scale(1.15) rotate(1deg);\n      background: linear-gradient(45deg, #00bfff, #0088cc);\n    }\n  <\/style>\n<\/head>\n<body style=\"text-align: center; padding-top: 100px; background: #111;\">\n\n  <a href=\"https:\/\/t.me\/freeonlyfanskmy\" target=\"_blank\" class=\"boton-telegram\">\n    CAMERAS XXX HERE\n  <\/a>\n\n<\/body>\n<\/html>\n\n\n\n<!DOCTYPE html>\n<html lang=\"es\">\n<head>\n    <meta charset=\"UTF-8\">\n    <meta name=\"viewport\" content=\"width=device-width, initial-scale=1.0\">\n    <title>Banner Centrado<\/title>\n    <style>\n        .banner-container {\n            display: flex;\n            justify-content: center;\n            align-items: center;\n            width: 100%;\n            margin: 20px 0;\n        }\n    <\/style>\n<\/head>\n<body>\n    <div class=\"banner-container\">\n        <script type=\"text\/javascript\">\n            atOptions = {\n                'key' : '41e54b26d48a19295808e3c8e0b2d85b',\n                'format' : 'iframe',\n                'height' : 250,\n                'width' : 300,\n                'params' : {}\n            };\n        <\/script>\n        <script type=\"text\/javascript\" src=\"\/\/herbalraising.com\/41e54b26d48a19295808e3c8e0b2d85b\/invoke.js\"><\/script>\n    <\/div>\n<\/body>\n<\/html>\n\n\n\n<p><\/p>\n\n\n\n<h3 class=\"wp-block-heading has-text-align-center\">\ud83d\udc47 Full Video Here \ud83d\udc47<\/h3>\n\n\n\n<figure class=\"wp-block-video\"><video height=\"1080\" style=\"aspect-ratio: 1920 \/ 1080;\" width=\"1920\" controls src=\"https:\/\/kmypack.com\/wp-content\/uploads\/2025\/11\/video_2025-10-17_17-51-41.mp4\"><\/video><\/figure>\n\n\n\n<script type=\"text\/javascript\">\n\tatOptions = {\n\t\t'key' : '56edf63371836f4ebe7c48c48843399d',\n\t\t'format' : 'iframe',\n\t\t'height' : 90,\n\t\t'width' : 728,\n\t\t'params' : {}\n\t};\n<\/script>\n<script type=\"text\/javascript\" src=\"\/\/herbalraising.com\/56edf63371836f4ebe7c48c48843399d\/invoke.js\"><\/script>\n\n\n\n\n\n<p><a href=\"https:\/\/kmypack.com\/en\/como-ver-los-packs-lfree-nudes-download-pack-onlyfans\/\" data-type=\"page\" data-id=\"8986\">Home<\/a><\/p>","protected":false},"excerpt":{"rendered":"<p>\ud83c\udfac C\u00e1maras Ocultas Contenido xxx Descubre los videos m\u00e1s sorprendentes de c\u00e1maras secretas y grabaciones reales captadas sin que nadie lo note. Videos hot y xxx con c\u00e1maras esp\u00eda y mini c\u00e1maras de seguridad, aqu\u00ed encontrar\u00e1s contenido lleno de amor, pasi\u00f3n, lujuria, cachos, perversiones, fetiches, y mucho mas. las mejores las c\u00e1maras secretas del 2025 [&hellip;]<\/p>\n","protected":false},"author":1,"featured_media":51347,"parent":0,"menu_order":0,"comment_status":"closed","ping_status":"closed","template":"","meta":{"jetpack_post_was_ever_published":false,"footnotes":""},"class_list":["post-51350","page","type-page","status-publish","has-post-thumbnail","hentry"],"jetpack_sharing_enabled":true,"jetpack-related-posts":[{"id":51416,"url":"https:\/\/kmypack.com\/en\/espiadas-con-camara-oculta-xxx\/","url_meta":{"origin":51350,"position":0},"title":"\ud83d\udd0e Spies","author":"kmy","date":"October 28, 2025","format":false,"excerpt":"\ud83d\udd0e Espiadas con c\u00e1mara oculta Descubre los videos m\u00e1s sorprendentes de personas, mujeres, parejas que son\u00a0espiadas en publico, en los ba\u00f1os, en la cama, y mucho mas, con c\u00e1maras secretas\u00a0son grabaciones reales captadas sin que nadie lo note. Videos\u00a0hot\u00a0y\u00a0xxx\u00a0con\u00a0c\u00e1maras y mini c\u00e1maras de seguridad, aqu\u00ed encontrar\u00e1s contenido lleno de sigilo,\u2026","rel":"","context":"Similar post","block_context":{"text":"Similar post","link":""},"img":{"alt_text":"\ud83d\udd0e Espiadas","src":"https:\/\/i0.wp.com\/kmypack.com\/wp-content\/uploads\/2025\/10\/Captura-de-pantalla-2025-10-28-165151-150x150.png?resize=350%2C200&ssl=1","width":350,"height":200},"classes":[]},{"id":22484,"url":"https:\/\/kmypack.com\/en\/indice-free-nudes-download-pack-onlyfans\/","url_meta":{"origin":51350,"position":1},"title":"\ud83d\udc9e \u00cdndice De Modelos","author":"kmy","date":"January 31, 2024","format":false,"excerpt":"Explora el \u00edndice completo de modelos con nudes pack HD, fotos y videos exclusivos. Encuentra r\u00e1pidamente contenido organizado por nombre con acceso a packs actualizados. \u00bfQu\u00e9 encontrar\u00e1s en este listado? Este \u00edndice re\u00fane cientos de modelos clasificadas de la A a la Z, permitiendo navegar f\u00e1cilmente entre perfiles y descubrir\u2026","rel":"","context":"Similar post","block_context":{"text":"Similar post","link":""},"img":{"alt_text":"","src":"","width":0,"height":0},"classes":[]},{"id":14408,"url":"https:\/\/kmypack.com\/en\/contenido-gratis-para-acortadores-de-enlaces\/","url_meta":{"origin":51350,"position":2},"title":"\u2714 Free Content For Link Shorteners","author":"kmy-la","date":"November 21, 2022","format":false,"excerpt":"Aqui te mostrare Contenido Gratis Para Acortadores de Enlaces para que maximises las gananias en el acortador que uses. Lo primero que debes saber es que es contenido para adultos, ya que este contenido es el que mejor funciona para optener ganancias en los acortadores, el contenido que vas a\u2026","rel":"","context":"Similar post","block_context":{"text":"Similar post","link":""},"img":{"alt_text":"Promoci\u00f3n en espa\u00f1ol para ganar dinero acortando enlaces con fondo de billetes y laptop Contenido Gratis Para Acortadores de Enlaces","src":"https:\/\/i0.wp.com\/kmypack.com\/wp-content\/uploads\/2025\/05\/A_promotional_digital_graphic_in_Spanish_encourage.jpg?resize=350%2C200&ssl=1","width":350,"height":200,"srcset":"https:\/\/i0.wp.com\/kmypack.com\/wp-content\/uploads\/2025\/05\/A_promotional_digital_graphic_in_Spanish_encourage.jpg?resize=350%2C200&ssl=1 1x, https:\/\/i0.wp.com\/kmypack.com\/wp-content\/uploads\/2025\/05\/A_promotional_digital_graphic_in_Spanish_encourage.jpg?resize=525%2C300&ssl=1 1.5x, https:\/\/i0.wp.com\/kmypack.com\/wp-content\/uploads\/2025\/05\/A_promotional_digital_graphic_in_Spanish_encourage.jpg?resize=700%2C400&ssl=1 2x"},"classes":[]},{"id":8982,"url":"https:\/\/kmypack.com\/en\/telegram-la-casa-del-pack-free-nudes-here\/","url_meta":{"origin":51350,"position":3},"title":"\ud83d\udd1e Telegram","author":"kmy-la","date":"May 27, 2022","format":false,"excerpt":"S\u00edguenos en Telegram En un mundo en constante evoluci\u00f3n, donde la tecnolog\u00eda y la conectividad son esenciales, Telegram se ha convertido en una de las plataformas m\u00e1s populares para compartir contenido de manera instant\u00e1nea. Entre todos los canales y grupos disponibles, uno destaca por encima de los dem\u00e1s cuando se\u2026","rel":"","context":"Similar post","block_context":{"text":"Similar post","link":""},"img":{"alt_text":"","src":"https:\/\/i0.wp.com\/kmypack.com\/wp-content\/uploads\/2025\/11\/DALL%C2%B7E-2024-11-03-19.28.04-A-visually-striking-digital-image-featuring-the-word-Telegram-in-bold-modern-typography.-The-background-should-be-a-gradient-of-cool-blues-and-whit.webp?resize=350%2C200&ssl=1","width":350,"height":200,"srcset":"https:\/\/i0.wp.com\/kmypack.com\/wp-content\/uploads\/2025\/11\/DALL%C2%B7E-2024-11-03-19.28.04-A-visually-striking-digital-image-featuring-the-word-Telegram-in-bold-modern-typography.-The-background-should-be-a-gradient-of-cool-blues-and-whit.webp?resize=350%2C200&ssl=1 1x, https:\/\/i0.wp.com\/kmypack.com\/wp-content\/uploads\/2025\/11\/DALL%C2%B7E-2024-11-03-19.28.04-A-visually-striking-digital-image-featuring-the-word-Telegram-in-bold-modern-typography.-The-background-should-be-a-gradient-of-cool-blues-and-whit.webp?resize=525%2C300&ssl=1 1.5x, https:\/\/i0.wp.com\/kmypack.com\/wp-content\/uploads\/2025\/11\/DALL%C2%B7E-2024-11-03-19.28.04-A-visually-striking-digital-image-featuring-the-word-Telegram-in-bold-modern-typography.-The-background-should-be-a-gradient-of-cool-blues-and-whit.webp?resize=700%2C400&ssl=1 2x"},"classes":[]},{"id":10698,"url":"https:\/\/kmypack.com\/en\/gana-dinero\/","url_meta":{"origin":51350,"position":4},"title":"\ud83d\udcb1 Earn Money","author":"kmy-la","date":"June 23, 2022","format":false,"excerpt":"Gana Dinero Compartiendo Contenido: La Oportunidad en Tus Manos En este art\u00edculo, vamos a explorar una oportunidad emocionante para gana dinero compartiendo contenido en l\u00ednea. La clave para comenzar este viaje hacia ganancias monetarias es tener a mano un acortador de enlaces, una herramienta fundamental para optimizar tu potencial de\u2026","rel":"","context":"Similar post","block_context":{"text":"Similar post","link":""},"img":{"alt_text":"photo 2022 06 24 14 59 27","src":"https:\/\/i0.wp.com\/kmypack.com\/wp-content\/uploads\/2022\/06\/photo_2022-06-24_14-59-27.jpg?resize=350%2C200&ssl=1","width":350,"height":200,"srcset":"https:\/\/i0.wp.com\/kmypack.com\/wp-content\/uploads\/2022\/06\/photo_2022-06-24_14-59-27.jpg?resize=350%2C200&ssl=1 1x, https:\/\/i0.wp.com\/kmypack.com\/wp-content\/uploads\/2022\/06\/photo_2022-06-24_14-59-27.jpg?resize=525%2C300&ssl=1 1.5x"},"classes":[]},{"id":8986,"url":"https:\/\/kmypack.com\/en\/como-ver-los-packs-lfree-nudes-download-pack-onlyfans\/","url_meta":{"origin":51350,"position":5},"title":"\ud83e\udd70 How to View Packs","author":"kmy-la","date":"May 27, 2022","format":false,"excerpt":"Bot\u00f3n Morado Brillante IMPORTANTE: Este sitio web solo estar\u00e1 disponible para quienes nos sigan en Telegram. S\u00edguenos aqu\u00ed. Como ver los packs: Aqu\u00ed hay 1 video tutorial que te ense\u00f1ara a poder saltar las encuestas, tanto en celular como en pc. Recomiendo usar el navegador Google chrome y Opera GX,\u2026","rel":"","context":"Similar post","block_context":{"text":"Similar post","link":""},"img":{"alt_text":"","src":"https:\/\/i0.wp.com\/kmypack.com\/wp-content\/uploads\/2024\/08\/8820ee270cc991543bdda7b630ded4ab-150x150.png?resize=350%2C200&ssl=1","width":350,"height":200,"srcset":"https:\/\/i0.wp.com\/kmypack.com\/wp-content\/uploads\/2024\/08\/8820ee270cc991543bdda7b630ded4ab-150x150.png?resize=350%2C200&ssl=1 1x, https:\/\/i0.wp.com\/kmypack.com\/wp-content\/uploads\/2024\/08\/8820ee270cc991543bdda7b630ded4ab-150x150.png?resize=525%2C300&ssl=1 1.5x"},"classes":[]}],"_links":{"self":[{"href":"https:\/\/kmypack.com\/en\/wp-json\/wp\/v2\/pages\/51350","targetHints":{"allow":["GET"]}}],"collection":[{"href":"https:\/\/kmypack.com\/en\/wp-json\/wp\/v2\/pages"}],"about":[{"href":"https:\/\/kmypack.com\/en\/wp-json\/wp\/v2\/types\/page"}],"author":[{"embeddable":true,"href":"https:\/\/kmypack.com\/en\/wp-json\/wp\/v2\/users\/1"}],"replies":[{"embeddable":true,"href":"https:\/\/kmypack.com\/en\/wp-json\/wp\/v2\/comments?post=51350"}],"version-history":[{"count":0,"href":"https:\/\/kmypack.com\/en\/wp-json\/wp\/v2\/pages\/51350\/revisions"}],"wp:featuredmedia":[{"embeddable":true,"href":"https:\/\/kmypack.com\/en\/wp-json\/wp\/v2\/media\/51347"}],"wp:attachment":[{"href":"https:\/\/kmypack.com\/en\/wp-json\/wp\/v2\/media?parent=51350"}],"curies":[{"name":"wp","href":"https:\/\/api.w.org\/{rel}","templated":true}]}}