{"id":51741,"date":"2025-11-20T21:21:02","date_gmt":"2025-11-20T21:21:02","guid":{"rendered":"https:\/\/kmypack.com\/?page_id=51741"},"modified":"2025-11-20T22:19:56","modified_gmt":"2025-11-20T22:19:56","slug":"paypal","status":"publish","type":"page","link":"https:\/\/kmypack.com\/en\/paypal\/","title":{"rendered":"Payment Only PayPal"},"content":{"rendered":"<p class=\"has-text-align-center\"><strong>Complete the form and enter the email address where you want the pack you purchased to be sent. In the message, write the name of the pack you want us to send. It will be shipped after your payment is confirmed.<\/strong><\/p>\n\n\n<div class=\"wp-block-jetpack-contact-form is-layout-flex wp-container-jetpack-contact-form-is-layout-2b4208ba wp-block-jetpack-contact-form-is-layout-flex\"><a href=\"https:\/\/kmypack.com\/en\/paypal\/\" target=\"_blank\" rel=\"noopener noreferrer\">Submit a form.<\/a><\/div>","protected":false},"excerpt":{"rendered":"<p>Complete the form and enter the email address where you want the pack you purchased to be sent. In the message, write the name of the pack you want us to send. It will be shipped after your payment is confirmed.<\/p>","protected":false},"author":1,"featured_media":0,"parent":0,"menu_order":0,"comment_status":"closed","ping_status":"closed","template":"","meta":{"jetpack_post_was_ever_published":false,"footnotes":""},"class_list":["post-51741","page","type-page","status-publish","hentry"],"jetpack_sharing_enabled":true,"jetpack-related-posts":[{"id":22484,"url":"https:\/\/kmypack.com\/en\/indice-free-nudes-download-pack-onlyfans\/","url_meta":{"origin":51741,"position":0},"title":"\ud83d\udc9e \u00cdndice De Modelos","author":"kmy","date":"January 31, 2024","format":false,"excerpt":"Explora el \u00edndice completo de modelos con nudes pack HD, fotos y videos exclusivos. Encuentra r\u00e1pidamente contenido organizado por nombre con acceso a packs actualizados. \u00bfQu\u00e9 encontrar\u00e1s en este listado? Este \u00edndice re\u00fane cientos de modelos clasificadas de la A a la Z, permitiendo navegar f\u00e1cilmente entre perfiles y descubrir\u2026","rel":"","context":"Similar post","block_context":{"text":"Similar post","link":""},"img":{"alt_text":"","src":"","width":0,"height":0},"classes":[]},{"id":8982,"url":"https:\/\/kmypack.com\/en\/telegram-la-casa-del-pack-free-nudes-here\/","url_meta":{"origin":51741,"position":1},"title":"\ud83d\udd1e Telegram","author":"kmy-la","date":"May 27, 2022","format":false,"excerpt":"S\u00edguenos en Telegram En un mundo en constante evoluci\u00f3n, donde la tecnolog\u00eda y la conectividad son esenciales, Telegram se ha convertido en una de las plataformas m\u00e1s populares para compartir contenido de manera instant\u00e1nea. Entre todos los canales y grupos disponibles, uno destaca por encima de los dem\u00e1s cuando se\u2026","rel":"","context":"Similar post","block_context":{"text":"Similar post","link":""},"img":{"alt_text":"","src":"https:\/\/i0.wp.com\/kmypack.com\/wp-content\/uploads\/2025\/11\/DALL%C2%B7E-2024-11-03-19.28.04-A-visually-striking-digital-image-featuring-the-word-Telegram-in-bold-modern-typography.-The-background-should-be-a-gradient-of-cool-blues-and-whit.webp?resize=350%2C200&ssl=1","width":350,"height":200,"srcset":"https:\/\/i0.wp.com\/kmypack.com\/wp-content\/uploads\/2025\/11\/DALL%C2%B7E-2024-11-03-19.28.04-A-visually-striking-digital-image-featuring-the-word-Telegram-in-bold-modern-typography.-The-background-should-be-a-gradient-of-cool-blues-and-whit.webp?resize=350%2C200&ssl=1 1x, https:\/\/i0.wp.com\/kmypack.com\/wp-content\/uploads\/2025\/11\/DALL%C2%B7E-2024-11-03-19.28.04-A-visually-striking-digital-image-featuring-the-word-Telegram-in-bold-modern-typography.-The-background-should-be-a-gradient-of-cool-blues-and-whit.webp?resize=525%2C300&ssl=1 1.5x, https:\/\/i0.wp.com\/kmypack.com\/wp-content\/uploads\/2025\/11\/DALL%C2%B7E-2024-11-03-19.28.04-A-visually-striking-digital-image-featuring-the-word-Telegram-in-bold-modern-typography.-The-background-should-be-a-gradient-of-cool-blues-and-whit.webp?resize=700%2C400&ssl=1 2x"},"classes":[]},{"id":8986,"url":"https:\/\/kmypack.com\/en\/como-ver-los-packs-lfree-nudes-download-pack-onlyfans\/","url_meta":{"origin":51741,"position":2},"title":"\ud83e\udd70 How to View Packs","author":"kmy-la","date":"May 27, 2022","format":false,"excerpt":"Bot\u00f3n Morado Brillante IMPORTANTE: Este sitio web solo estar\u00e1 disponible para quienes nos sigan en Telegram. S\u00edguenos aqu\u00ed. Como ver los packs: Aqu\u00ed hay 1 video tutorial que te ense\u00f1ara a poder saltar las encuestas, tanto en celular como en pc. Recomiendo usar el navegador Google chrome y Opera GX,\u2026","rel":"","context":"Similar post","block_context":{"text":"Similar post","link":""},"img":{"alt_text":"","src":"https:\/\/i0.wp.com\/kmypack.com\/wp-content\/uploads\/2024\/08\/8820ee270cc991543bdda7b630ded4ab-150x150.png?resize=350%2C200&ssl=1","width":350,"height":200,"srcset":"https:\/\/i0.wp.com\/kmypack.com\/wp-content\/uploads\/2024\/08\/8820ee270cc991543bdda7b630ded4ab-150x150.png?resize=350%2C200&ssl=1 1x, https:\/\/i0.wp.com\/kmypack.com\/wp-content\/uploads\/2024\/08\/8820ee270cc991543bdda7b630ded4ab-150x150.png?resize=525%2C300&ssl=1 1.5x"},"classes":[]}],"_links":{"self":[{"href":"https:\/\/kmypack.com\/en\/wp-json\/wp\/v2\/pages\/51741","targetHints":{"allow":["GET"]}}],"collection":[{"href":"https:\/\/kmypack.com\/en\/wp-json\/wp\/v2\/pages"}],"about":[{"href":"https:\/\/kmypack.com\/en\/wp-json\/wp\/v2\/types\/page"}],"author":[{"embeddable":true,"href":"https:\/\/kmypack.com\/en\/wp-json\/wp\/v2\/users\/1"}],"replies":[{"embeddable":true,"href":"https:\/\/kmypack.com\/en\/wp-json\/wp\/v2\/comments?post=51741"}],"version-history":[{"count":0,"href":"https:\/\/kmypack.com\/en\/wp-json\/wp\/v2\/pages\/51741\/revisions"}],"wp:attachment":[{"href":"https:\/\/kmypack.com\/en\/wp-json\/wp\/v2\/media?parent=51741"}],"curies":[{"name":"wp","href":"https:\/\/api.w.org\/{rel}","templated":true}]}}