{"id":8982,"date":"2022-05-27T02:17:48","date_gmt":"2022-05-27T02:17:48","guid":{"rendered":"https:\/\/kmypack.com\/?page_id=8982"},"modified":"2026-03-22T20:17:15","modified_gmt":"2026-03-22T20:17:15","slug":"telegram-la-casa-del-pack-free-nudes-here","status":"publish","type":"page","link":"https:\/\/kmypack.com\/en\/telegram-la-casa-del-pack-free-nudes-here\/","title":{"rendered":"\ud83d\udd1e Telegram"},"content":{"rendered":"<h2 class=\"wp-block-heading\">Follow us on Telegram<\/h2>\n\n\n\n<p>In a constantly evolving world, where technology and connectivity are essential, <a href=\"https:\/\/t.me\/bestnudesgirls\" target=\"_blank\" rel=\"noreferrer noopener\">Telegram<\/a> It has become one of the most popular platforms for sharing content instantly. Among all the channels and groups available, one stands out above the rest when it comes to exclusive content: La Casa del Pack.<\/p>\n\n\n\n<!DOCTYPE html>\n<html lang=\"es\">\n<head>\n  <meta charset=\"UTF-8\">\n  <title>Bot\u00f3n Telegram Aqu\u00ed<\/title>\n  <style>\n    @keyframes pulse {\n      0% {\n        transform: scale(1);\n        box-shadow: 0 0 0 0 rgba(0, 123, 255, 0.7);\n      }\n      70% {\n        transform: scale(1.1);\n        box-shadow: 0 0 20px 10px rgba(0, 123, 255, 0);\n      }\n      100% {\n        transform: scale(1);\n        box-shadow: 0 0 0 0 rgba(0, 123, 255, 0);\n      }\n    }\n\n    .boton-telegram {\n      display: inline-block;\n      background: linear-gradient(45deg, #0088cc, #00bfff);\n      color: white;\n      padding: 18px 32px;\n      font-size: 22px;\n      font-weight: bold;\n      border-radius: 50px;\n      text-decoration: none;\n      animation: pulse 1.5s infinite;\n      transition: transform 0.3s ease, background 0.3s ease;\n      box-shadow: 0 5px 15px rgba(0, 123, 255, 0.6);\n      text-transform: uppercase;\n      letter-spacing: 1px;\n      text-shadow: 1px 1px 3px #000;\n    }\n\n    .boton-telegram:hover {\n      transform: scale(1.15) rotate(1deg);\n      background: linear-gradient(45deg, #00bfff, #0088cc);\n    }\n  <\/style>\n<\/head>\n<body style=\"text-align: center; padding-top: 100px; background: #111;\">\n\n  <a href=\"https:\/\/t.me\/freeonlyfanskmy\" target=\"_blank\" class=\"boton-telegram\">\n    Telegram Here\n  <\/a>\n\n<\/body>\n<\/html>\n\n\n\n<hr class=\"wp-block-separator has-alpha-channel-opacity\"\/>\n\n\n\n<!DOCTYPE html>\n<html lang=\"es\">\n<head>\n    <meta charset=\"UTF-8\">\n    <meta name=\"viewport\" content=\"width=device-width, initial-scale=1.0\">\n    <title>Banner Centrado<\/title>\n    <style>\n        .banner-container {\n            display: flex;\n            justify-content: center;\n            align-items: center;\n            width: 100%;\n            margin: 20px 0;\n        }\n    <\/style>\n<\/head>\n<body>\n    <div class=\"banner-container\">\n        <script type=\"text\/javascript\">\n            atOptions = {\n                'key' : '41e54b26d48a19295808e3c8e0b2d85b',\n                'format' : 'iframe',\n                'height' : 250,\n                'width' : 300,\n                'params' : {}\n            };\n        <\/script>\n        <script type=\"text\/javascript\" src=\"\/\/herbalraising.com\/41e54b26d48a19295808e3c8e0b2d85b\/invoke.js\"><\/script>\n    <\/div>\n<\/body>\n<\/html>\n\n\n\n<h2 class=\"wp-block-heading\"><\/h2>\n\n\n\n<h3 class=\"wp-block-heading has-text-align-center\">Free onlyfans VIP\u2764\ufe0f<br><a href=\"https:\/\/t.me\/bestnudesgirls\">https:\/\/t.me\/freeonlyfanskmy<\/a><\/h3>\n\n\n\n<p class=\"has-text-align-center\"><strong>CASEROS \ud83d\udd1e<br><a href=\"https:\/\/t.me\/OnlyCaserosVIP\">https:\/\/t.me\/OnlyCaserosVIP<\/a><\/strong><\/p>\n\n\n\n<script type=\"text\/javascript\">\n\tatOptions = {\n\t\t'key' : '56edf63371836f4ebe7c48c48843399d',\n\t\t'format' : 'iframe',\n\t\t'height' : 90,\n\t\t'width' : 728,\n\t\t'params' : {}\n\t};\n<\/script>\n<script type=\"text\/javascript\" src=\"\/\/herbalraising.com\/56edf63371836f4ebe7c48c48843399d\/invoke.js\"><\/script>\n\n\n\n<p>the <a href=\"https:\/\/kmypack.com\/en\/juliana-duque-videos-filtrados-la-casa-del-pack\/\" data-type=\"link\" data-id=\"https:\/\/kmypack.com\/juliana-duque-videos-filtrados-la-casa-del-pack\/\">pack house<\/a> It is much more than a simple channel <a href=\"https:\/\/t.me\/freeonlyfanskmy\" target=\"_blank\" data-type=\"link\" data-id=\"https:\/\/t.me\/freeonlyfanskmy\" rel=\"noreferrer noopener\">Telegram<\/a>; is a digital space where users can access exclusive, high-quality content that they will not find anywhere else on the web. This channel has managed to earn an exceptional reputation thanks to the dedication of its administrators to offer fresh and exclusive content to its subscribers.<\/p>\n\n\n\n<p>What makes La Casa del Pack so special? Firstly, its commitment to quality. Administrators strive to maintain high standards, ensuring that every content shared is valuable and engaging. From images and videos to apps and files, everything you will find on this channel is carefully curated to ensure audience satisfaction.<\/p>\n\n\n\n<p>La diversidad de contenido es otro punto fuerte de La Casa del Pack. <a href=\"https:\/\/herbalraising.com\/w04n6ptcvs?key=4c4a495c8d73dca6b2daa92ac4bc1f47\" target=\"_blank\" data-type=\"link\" data-id=\"https:\/\/herbalraising.com\/w04n6ptcvs?key=4c4a495c8d73dca6b2daa92ac4bc1f47\" rel=\"noreferrer noopener\">Aqu\u00ed<\/a>, los suscriptores pueden disfrutar de una amplia gama de material exclusivo, desde entretenimiento y juegos hasta recursos educativos y de desarrollo personal. Siempre hay algo para todos los gustos.<\/p>\n\n\n\n<p>The community of La Casa del Pack is also worth mentioning. Members share common interests and help each other find relevant content. This creates a friendly and collaborative environment that further enriches the subscriber experience.<\/p>\n\n\n\n<p>Accessing La Casa del Pack is easy. Simply search for the channel on Telegram and join. Most content is free, but they also offer premium subscription options for those who want exclusive access to even more select content.<\/p>\n\n\n\n<p>In short, La Casa del Pack is the best Telegram for those looking for exclusive, high-quality content on the web. With its commitment to quality, diversity of content, and an active community, this channel offers a unique experience that you won't want to miss. Join today and discover a world of exclusive content that will change the way you consume information online.<\/p>\n\n\n\n<figure class=\"wp-block-gallery has-nested-images columns-default is-cropped wp-block-gallery-1 is-layout-flex wp-block-gallery-is-layout-flex\">\n<figure class=\"wp-block-image size-large\"><img loading=\"lazy\" decoding=\"async\" width=\"1024\" height=\"1024\" data-attachment-id=\"51804\" data-permalink=\"https:\/\/kmypack.com\/en\/telegram-la-casa-del-pack-free-nudes-here\/dall%c2%b7e-2024-11-03-19-28-04-a-visually-striking-digital-image-featuring-the-word-telegram-in-bold-modern-typography-the-background-should-be-a-gradient-of-cool-blues-and-whit-2\/\" data-orig-file=\"https:\/\/kmypack.com\/wp-content\/uploads\/2025\/11\/DALL\u00b7E-2024-11-03-19.28.04-A-visually-striking-digital-image-featuring-the-word-Telegram-in-bold-modern-typography.-The-background-should-be-a-gradient-of-cool-blues-and-whit.webp\" data-orig-size=\"1024,1024\" data-comments-opened=\"1\" data-image-meta=\"{&quot;aperture&quot;:&quot;0&quot;,&quot;credit&quot;:&quot;&quot;,&quot;camera&quot;:&quot;&quot;,&quot;caption&quot;:&quot;&quot;,&quot;created_timestamp&quot;:&quot;0&quot;,&quot;copyright&quot;:&quot;&quot;,&quot;focal_length&quot;:&quot;0&quot;,&quot;iso&quot;:&quot;0&quot;,&quot;shutter_speed&quot;:&quot;0&quot;,&quot;title&quot;:&quot;&quot;,&quot;orientation&quot;:&quot;0&quot;}\" data-image-title=\"DALL\u00b7E-2024-11-03-19.28.04-A-visually-striking-digital-image-featuring-the-word-Telegram-in-bold-modern-typography.-The-background-should-be-a-gradient-of-cool-blues-and-whit\" data-image-description=\"\" data-image-caption=\"\" data-medium-file=\"https:\/\/kmypack.com\/wp-content\/uploads\/2025\/11\/DALL\u00b7E-2024-11-03-19.28.04-A-visually-striking-digital-image-featuring-the-word-Telegram-in-bold-modern-typography.-The-background-should-be-a-gradient-of-cool-blues-and-whit-300x300.webp\" data-large-file=\"https:\/\/kmypack.com\/wp-content\/uploads\/2025\/11\/DALL\u00b7E-2024-11-03-19.28.04-A-visually-striking-digital-image-featuring-the-word-Telegram-in-bold-modern-typography.-The-background-should-be-a-gradient-of-cool-blues-and-whit.webp\" data-id=\"51804\" src=\"https:\/\/kmypack.com\/wp-content\/uploads\/2025\/11\/DALL\u00b7E-2024-11-03-19.28.04-A-visually-striking-digital-image-featuring-the-word-Telegram-in-bold-modern-typography.-The-background-should-be-a-gradient-of-cool-blues-and-whit.webp\" alt=\"de onlyfans aqui\" class=\"wp-image-51804\" title=\"\" srcset=\"https:\/\/kmypack.com\/wp-content\/uploads\/2025\/11\/DALL\u00b7E-2024-11-03-19.28.04-A-visually-striking-digital-image-featuring-the-word-Telegram-in-bold-modern-typography.-The-background-should-be-a-gradient-of-cool-blues-and-whit.webp 1024w, https:\/\/kmypack.com\/wp-content\/uploads\/2025\/11\/DALL\u00b7E-2024-11-03-19.28.04-A-visually-striking-digital-image-featuring-the-word-Telegram-in-bold-modern-typography.-The-background-should-be-a-gradient-of-cool-blues-and-whit-300x300.webp 300w, https:\/\/kmypack.com\/wp-content\/uploads\/2025\/11\/DALL\u00b7E-2024-11-03-19.28.04-A-visually-striking-digital-image-featuring-the-word-Telegram-in-bold-modern-typography.-The-background-should-be-a-gradient-of-cool-blues-and-whit-150x150.webp 150w, https:\/\/kmypack.com\/wp-content\/uploads\/2025\/11\/DALL\u00b7E-2024-11-03-19.28.04-A-visually-striking-digital-image-featuring-the-word-Telegram-in-bold-modern-typography.-The-background-should-be-a-gradient-of-cool-blues-and-whit-768x768.webp 768w, https:\/\/kmypack.com\/wp-content\/uploads\/2025\/11\/DALL\u00b7E-2024-11-03-19.28.04-A-visually-striking-digital-image-featuring-the-word-Telegram-in-bold-modern-typography.-The-background-should-be-a-gradient-of-cool-blues-and-whit-12x12.webp 12w\" sizes=\"auto, (max-width: 1024px) 100vw, 1024px\" \/><\/figure>\n<\/figure>\n\n\n\n<p class=\"has-text-align-center\"><\/p>\n\n\n\n<p><a href=\"https:\/\/kmypack.com\/en\/\">Home<\/a><\/p>\n\n\n\n<p><\/p>","protected":false},"excerpt":{"rendered":"<p>S\u00edguenos en Telegram En un mundo en constante evoluci\u00f3n, donde la tecnolog\u00eda y la conectividad son esenciales, Telegram se ha convertido en una de las plataformas m\u00e1s populares para compartir contenido de manera instant\u00e1nea. Entre todos los canales y grupos disponibles, uno destaca por encima de los dem\u00e1s cuando se trata de contenido exclusivo: La [&hellip;]<\/p>\n","protected":false},"author":2,"featured_media":51803,"parent":0,"menu_order":0,"comment_status":"closed","ping_status":"closed","template":"","meta":{"jetpack_post_was_ever_published":false,"footnotes":""},"class_list":["post-8982","page","type-page","status-publish","has-post-thumbnail","hentry"],"jetpack_sharing_enabled":true,"jetpack-related-posts":[{"id":51416,"url":"https:\/\/kmypack.com\/en\/espiadas-con-camara-oculta-xxx\/","url_meta":{"origin":8982,"position":0},"title":"\ud83d\udd0e Spies","author":"kmy","date":"October 28, 2025","format":false,"excerpt":"\ud83d\udd0e Espiadas con c\u00e1mara oculta Descubre los videos m\u00e1s sorprendentes de personas, mujeres, parejas que son\u00a0espiadas en publico, en los ba\u00f1os, en la cama, y mucho mas, con c\u00e1maras secretas\u00a0son grabaciones reales captadas sin que nadie lo note. Videos\u00a0hot\u00a0y\u00a0xxx\u00a0con\u00a0c\u00e1maras y mini c\u00e1maras de seguridad, aqu\u00ed encontrar\u00e1s contenido lleno de sigilo,\u2026","rel":"","context":"Similar post","block_context":{"text":"Similar post","link":""},"img":{"alt_text":"\ud83d\udd0e Espiadas","src":"https:\/\/i0.wp.com\/kmypack.com\/wp-content\/uploads\/2025\/10\/Captura-de-pantalla-2025-10-28-165151-150x150.png?resize=350%2C200&ssl=1","width":350,"height":200},"classes":[]},{"id":51350,"url":"https:\/\/kmypack.com\/en\/camaras-ocultas-hot-y-xxxx\/","url_meta":{"origin":8982,"position":1},"title":"\ud83c\udfac Hidden Cameras","author":"kmy","date":"October 21, 2025","format":false,"excerpt":"\ud83c\udfac C\u00e1maras Ocultas Contenido xxx Descubre los videos m\u00e1s sorprendentes de c\u00e1maras secretas y grabaciones reales captadas sin que nadie lo note. Videos hot y xxx con c\u00e1maras esp\u00eda y mini c\u00e1maras de seguridad, aqu\u00ed encontrar\u00e1s contenido lleno de amor, pasi\u00f3n, lujuria, cachos, perversiones, fetiches, y mucho mas. las mejores\u2026","rel":"","context":"Similar post","block_context":{"text":"Similar post","link":""},"img":{"alt_text":"\ud83c\udfac C\u00e1maras Ocultas","src":"https:\/\/i0.wp.com\/kmypack.com\/wp-content\/uploads\/2025\/10\/Captura-de-pantalla-2025-10-21-183537.png?resize=350%2C200&ssl=1","width":350,"height":200,"srcset":"https:\/\/i0.wp.com\/kmypack.com\/wp-content\/uploads\/2025\/10\/Captura-de-pantalla-2025-10-21-183537.png?resize=350%2C200&ssl=1 1x, https:\/\/i0.wp.com\/kmypack.com\/wp-content\/uploads\/2025\/10\/Captura-de-pantalla-2025-10-21-183537.png?resize=525%2C300&ssl=1 1.5x, https:\/\/i0.wp.com\/kmypack.com\/wp-content\/uploads\/2025\/10\/Captura-de-pantalla-2025-10-21-183537.png?resize=700%2C400&ssl=1 2x"},"classes":[]},{"id":8986,"url":"https:\/\/kmypack.com\/en\/como-ver-los-packs-lfree-nudes-download-pack-onlyfans\/","url_meta":{"origin":8982,"position":2},"title":"\ud83e\udd70 How to View Packs","author":"kmy-la","date":"May 27, 2022","format":false,"excerpt":"Bot\u00f3n Morado Brillante IMPORTANTE: Este sitio web solo estar\u00e1 disponible para quienes nos sigan en Telegram. S\u00edguenos aqu\u00ed. Como ver los packs: Aqu\u00ed hay 1 video tutorial que te ense\u00f1ara a poder saltar las encuestas, tanto en celular como en pc. Recomiendo usar el navegador Google chrome y Opera GX,\u2026","rel":"","context":"Similar post","block_context":{"text":"Similar post","link":""},"img":{"alt_text":"","src":"https:\/\/i0.wp.com\/kmypack.com\/wp-content\/uploads\/2024\/08\/8820ee270cc991543bdda7b630ded4ab-150x150.png?resize=350%2C200&ssl=1","width":350,"height":200,"srcset":"https:\/\/i0.wp.com\/kmypack.com\/wp-content\/uploads\/2024\/08\/8820ee270cc991543bdda7b630ded4ab-150x150.png?resize=350%2C200&ssl=1 1x, https:\/\/i0.wp.com\/kmypack.com\/wp-content\/uploads\/2024\/08\/8820ee270cc991543bdda7b630ded4ab-150x150.png?resize=525%2C300&ssl=1 1.5x"},"classes":[]},{"id":14408,"url":"https:\/\/kmypack.com\/en\/contenido-gratis-para-acortadores-de-enlaces\/","url_meta":{"origin":8982,"position":3},"title":"\u2714 Free Content For Link Shorteners","author":"kmy-la","date":"November 21, 2022","format":false,"excerpt":"Aqui te mostrare Contenido Gratis Para Acortadores de Enlaces para que maximises las gananias en el acortador que uses. Lo primero que debes saber es que es contenido para adultos, ya que este contenido es el que mejor funciona para optener ganancias en los acortadores, el contenido que vas a\u2026","rel":"","context":"Similar post","block_context":{"text":"Similar post","link":""},"img":{"alt_text":"Promoci\u00f3n en espa\u00f1ol para ganar dinero acortando enlaces con fondo de billetes y laptop Contenido Gratis Para Acortadores de Enlaces","src":"https:\/\/i0.wp.com\/kmypack.com\/wp-content\/uploads\/2025\/05\/A_promotional_digital_graphic_in_Spanish_encourage.jpg?resize=350%2C200&ssl=1","width":350,"height":200,"srcset":"https:\/\/i0.wp.com\/kmypack.com\/wp-content\/uploads\/2025\/05\/A_promotional_digital_graphic_in_Spanish_encourage.jpg?resize=350%2C200&ssl=1 1x, https:\/\/i0.wp.com\/kmypack.com\/wp-content\/uploads\/2025\/05\/A_promotional_digital_graphic_in_Spanish_encourage.jpg?resize=525%2C300&ssl=1 1.5x, https:\/\/i0.wp.com\/kmypack.com\/wp-content\/uploads\/2025\/05\/A_promotional_digital_graphic_in_Spanish_encourage.jpg?resize=700%2C400&ssl=1 2x"},"classes":[]},{"id":22484,"url":"https:\/\/kmypack.com\/en\/indice-free-nudes-download-pack-onlyfans\/","url_meta":{"origin":8982,"position":4},"title":"\ud83d\udc9e \u00cdndice De Modelos","author":"kmy","date":"January 31, 2024","format":false,"excerpt":"Explora el \u00edndice completo de modelos con nudes pack HD, fotos y videos exclusivos. Encuentra r\u00e1pidamente contenido organizado por nombre con acceso a packs actualizados. \u00bfQu\u00e9 encontrar\u00e1s en este listado? Este \u00edndice re\u00fane cientos de modelos clasificadas de la A a la Z, permitiendo navegar f\u00e1cilmente entre perfiles y descubrir\u2026","rel":"","context":"Similar post","block_context":{"text":"Similar post","link":""},"img":{"alt_text":"","src":"","width":0,"height":0},"classes":[]},{"id":10698,"url":"https:\/\/kmypack.com\/en\/gana-dinero\/","url_meta":{"origin":8982,"position":5},"title":"\ud83d\udcb1 Earn Money","author":"kmy-la","date":"June 23, 2022","format":false,"excerpt":"Gana Dinero Compartiendo Contenido: La Oportunidad en Tus Manos En este art\u00edculo, vamos a explorar una oportunidad emocionante para gana dinero compartiendo contenido en l\u00ednea. La clave para comenzar este viaje hacia ganancias monetarias es tener a mano un acortador de enlaces, una herramienta fundamental para optimizar tu potencial de\u2026","rel":"","context":"Similar post","block_context":{"text":"Similar post","link":""},"img":{"alt_text":"photo 2022 06 24 14 59 27","src":"https:\/\/i0.wp.com\/kmypack.com\/wp-content\/uploads\/2022\/06\/photo_2022-06-24_14-59-27.jpg?resize=350%2C200&ssl=1","width":350,"height":200,"srcset":"https:\/\/i0.wp.com\/kmypack.com\/wp-content\/uploads\/2022\/06\/photo_2022-06-24_14-59-27.jpg?resize=350%2C200&ssl=1 1x, https:\/\/i0.wp.com\/kmypack.com\/wp-content\/uploads\/2022\/06\/photo_2022-06-24_14-59-27.jpg?resize=525%2C300&ssl=1 1.5x"},"classes":[]}],"_links":{"self":[{"href":"https:\/\/kmypack.com\/en\/wp-json\/wp\/v2\/pages\/8982","targetHints":{"allow":["GET"]}}],"collection":[{"href":"https:\/\/kmypack.com\/en\/wp-json\/wp\/v2\/pages"}],"about":[{"href":"https:\/\/kmypack.com\/en\/wp-json\/wp\/v2\/types\/page"}],"author":[{"embeddable":true,"href":"https:\/\/kmypack.com\/en\/wp-json\/wp\/v2\/users\/2"}],"replies":[{"embeddable":true,"href":"https:\/\/kmypack.com\/en\/wp-json\/wp\/v2\/comments?post=8982"}],"version-history":[{"count":1,"href":"https:\/\/kmypack.com\/en\/wp-json\/wp\/v2\/pages\/8982\/revisions"}],"predecessor-version":[{"id":53666,"href":"https:\/\/kmypack.com\/en\/wp-json\/wp\/v2\/pages\/8982\/revisions\/53666"}],"wp:featuredmedia":[{"embeddable":true,"href":"https:\/\/kmypack.com\/en\/wp-json\/wp\/v2\/media\/51803"}],"wp:attachment":[{"href":"https:\/\/kmypack.com\/en\/wp-json\/wp\/v2\/media?parent=8982"}],"curies":[{"name":"wp","href":"https:\/\/api.w.org\/{rel}","templated":true}]}}