{"id":8986,"date":"2022-05-27T02:23:58","date_gmt":"2022-05-27T02:23:58","guid":{"rendered":"https:\/\/kmypack.com\/?page_id=8986"},"modified":"2026-03-15T23:21:44","modified_gmt":"2026-03-15T23:21:44","slug":"como-ver-los-packs-lfree-nudes-download-pack-onlyfans","status":"publish","type":"page","link":"https:\/\/kmypack.com\/en\/como-ver-los-packs-lfree-nudes-download-pack-onlyfans\/","title":{"rendered":"\ud83e\udd70 How to View Packs"},"content":{"rendered":"<!DOCTYPE html>\n<html lang=\"es\">\n<head>\n    <meta charset=\"UTF-8\">\n    <meta name=\"viewport\" content=\"width=device-width, initial-scale=1.0\">\n    <title>Bot\u00f3n Morado Brillante<\/title>\n    <style>\n        \/* Estilos del bot\u00f3n *\/\n        .button {\n            background-color: purple;\n            color: white;\n            padding: 10px 20px;\n            border: none;\n            border-radius: 5px;\n            cursor: pointer;\n            font-size: 16px;\n            text-align: center;\n            text-decoration: none;\n            display: inline-block;\n            transition-duration: 0.4s;\n            margin: 10px;\n        }\n\n        \/* Cambio de estilo al pasar el cursor *\/\n        .button:hover {\n            background-color: #7d26cd;\n        }\n\n        \/* Estilo de advertencia en texto *\/\n        .important {\n            color: red;\n            font-weight: bold;\n        }\n    <\/style>\n<\/head>\n<body>\n\n    <p><span class=\"important\">IMPORTANT:<\/span> This website will only be available to those who follow us on Telegram. follow us <a href=\"https:\/\/t.me\/freeonlyfanskmy\" target=\"_blank\" class=\"button\">here<\/a>.<\/p>\n\n<\/body>\n<\/html>\n\n\n<script>\n  atOptions = {\n    'key' : '56edf63371836f4ebe7c48c48843399d',\n    'format' : 'iframe',\n    'height' : 90,\n    'width' : 728,\n    'params' : {}\n  };\n<\/script>\n<script src=\"https:\/\/herbalraising.com\/56edf63371836f4ebe7c48c48843399d\/invoke.js\"><\/script>\n\n\n\n<h2 class=\"wp-block-heading\"><strong>How to see the packs:<\/strong><\/h2>\n\n\n\n<p class=\"has-text-align-center\"><strong>Aqu\u00ed hay 1 video tutorial que te ense\u00f1ara a poder saltar las encuestas, tanto en celular como en pc<\/strong>.<\/p>\n\n\n\n<p class=\"has-text-align-center\"><strong>I recommend using the browser. <mark style=\"background-color:rgba(0, 0, 0, 0)\" class=\"has-inline-color has-vivid-red-color\"><a href=\"https:\/\/www.google.com\/search?q=descargar+chrome&amp;oq=descsrgar+chro&amp;gs_lcrp=EgZjaHJvbWUqDggBEAAYChgLGLEDGIAEMgYIABBFGDkyDggBEAAYChgLGLEDGIAEMgsIAhAAGAoYCxiABDILCAMQABgKGAsYgAQyCwgEEAAYChgLGIAEMgsIBRAAGAoYCxiABDILCAYQABgKGAsYgAQyCwgHEAAYChgLGIAEMgsICBAAGAoYCxiABDIGCAkQLhhA0gEJMTAyODlqMGoxqAIAsAIA&amp;sourceid=chrome&amp;ie=UTF-8\" target=\"_blank\" data-type=\"link\" data-id=\"https:\/\/www.google.com\/search?q=descargar+chrome&amp;oq=descsrgar+chro&amp;gs_lcrp=EgZjaHJvbWUqDggBEAAYChgLGLEDGIAEMgYIABBFGDkyDggBEAAYChgLGLEDGIAEMgsIAhAAGAoYCxiABDILCAMQABgKGAsYgAQyCwgEEAAYChgLGIAEMgsIBRAAGAoYCxiABDILCAYQABgKGAsYgAQyCwgHEAAYChgLGIAEMgsICBAAGAoYCxiABDIGCAkQLhhA0gEJMTAyODlqMGoxqAIAsAIA&amp;sourceid=chrome&amp;ie=UTF-8\" rel=\"noreferrer noopener\">Goole chrome<\/a><\/mark> and <a href=\"https:\/\/herbalraising.com\/w04n6ptcvs?key=4c4a495c8d73dca6b2daa92ac4bc1f47\" target=\"_blank\" data-type=\"link\" data-id=\"https:\/\/herbalraising.com\/w04n6ptcvs?key=4c4a495c8d73dca6b2daa92ac4bc1f47\" rel=\"noreferrer noopener\">and Opera GX<\/a>, <\/strong> <strong>to avoid the annoying survey ads and easily skip them, just as shown in the tutorial video.<\/strong><\/p>\n\n\n\n<!DOCTYPE html>\n<html lang=\"es\">\n<head>\n    <meta charset=\"UTF-8\">\n    <meta name=\"viewport\" content=\"width=device-width, initial-scale=1.0\">\n    <title>Nota<\/title>\n    <style>\n        .nota {\n            text-align: center;\n            color: white;\n            background-color: #e60000; \/* rojo vivo *\/\n            padding: 10px;\n            font-weight: bold;\n        }\n        .highlight {\n            color: #ffcc00; \/* amarillo brillante *\/\n        }\n        .register {\n            color: #00ff00; \/* verde brillante *\/\n            font-size: 1.2em;\n            text-transform: uppercase;\n            text-shadow: 2px 2px 5px black;\n        }\n    <\/style>\n<\/head>\n<body>\n\n    <p class=\"nota\">\n        NOTE: Download your exclusive <span class=\"highlight\">pack!<\/span> Just <span class=\"register\">register<\/span> for an <span class=\"highlight\">offer,<\/span> and you're all set!\n    <\/p>\n\n<\/body>\n<\/html>\n\n\n\n<!DOCTYPE html>\n<html lang=\"es\">\n<head>\n    <meta charset=\"UTF-8\">\n    <meta name=\"viewport\" content=\"width=device-width, initial-scale=1.0\">\n    <title>Banner Centrado<\/title>\n    <style>\n        .banner-container {\n            display: flex;\n            justify-content: center;\n            align-items: center;\n            width: 100%;\n            margin: 20px 0;\n        }\n    <\/style>\n<\/head>\n<body>\n    <div class=\"banner-container\">\n        <script type=\"text\/javascript\">\n            atOptions = {\n                'key' : '41e54b26d48a19295808e3c8e0b2d85b',\n                'format' : 'iframe',\n                'height' : 250,\n                'width' : 300,\n                'params' : {}\n            };\n        <\/script>\n        <script type=\"text\/javascript\" src=\"\/\/herbalraising.com\/41e54b26d48a19295808e3c8e0b2d85b\/invoke.js\"><\/script>\n    <\/div>\n<\/body>\n<\/html>\n\n\n\n<h3 class=\"wp-block-heading has-text-align-center has-vivid-red-color has-text-color has-link-color wp-elements-aabbf5cfaf68e31bb606503bf4f58fe0\"><strong><mark style=\"background-color:rgba(0, 0, 0, 0)\" class=\"has-inline-color has-vivid-red-color\">pc walkthrough<\/mark><\/strong> <strong>y celulares<\/strong><\/h3>\n\n\n\n<figure class=\"wp-block-video\"><video height=\"720\" style=\"aspect-ratio: 1280 \/ 720;\" width=\"1280\" autoplay controls src=\"https:\/\/kmypack.com\/wp-content\/uploads\/2024\/08\/tuto-term.mp4\"><\/video><figcaption class=\"wp-element-caption\"><strong>Como ver los packs<\/strong><\/figcaption><\/figure>\n\n\n\n<p class=\"has-text-align-center has-white-color has-vivid-red-background-color has-text-color has-background has-link-color wp-elements-b37cf9f2b6d51faecf9731bb10ed2128\"><strong>NOTA: If you want the same surveys as in the video, use a VPN and connect to <mark style=\"background-color:rgba(0, 0, 0, 0)\" class=\"has-inline-color has-luminous-vivid-amber-color\">Australia<\/mark>, <mark style=\"background-color:rgba(0, 0, 0, 0)\" class=\"has-inline-color has-luminous-vivid-amber-color\">Canada<\/mark>, <mark style=\"background-color:rgba(0, 0, 0, 0)\" class=\"has-inline-color has-luminous-vivid-amber-color\">United Kingdom<\/mark> or <mark style=\"background-color:rgba(0, 0, 0, 0)\" class=\"has-inline-color has-luminous-vivid-amber-color\">USA<\/mark>.<\/strong><\/p>\n\n\n\n<script type=\"text\/javascript\">\n\tatOptions = {\n\t\t'key' : '56edf63371836f4ebe7c48c48843399d',\n\t\t'format' : 'iframe',\n\t\t'height' : 90,\n\t\t'width' : 728,\n\t\t'params' : {}\n\t};\n<\/script>\n<script type=\"text\/javascript\" src=\"\/\/herbalraising.com\/56edf63371836f4ebe7c48c48843399d\/invoke.js\"><\/script>\n\n\n\n<h2 class=\"wp-block-heading has-text-align-center\">Surveys <\/h2>\n\n\n\n<figure class=\"wp-block-gallery has-nested-images columns-default is-cropped wp-block-gallery-1 is-layout-flex wp-block-gallery-is-layout-flex\">\n<figure class=\"wp-block-image size-large\"><img loading=\"lazy\" decoding=\"async\" width=\"675\" height=\"804\" data-attachment-id=\"34932\" data-permalink=\"https:\/\/kmypack.com\/en\/como-ver-los-packs-lfree-nudes-download-pack-onlyfans\/8820ee270cc991543bdda7b630ded4ab\/\" data-orig-file=\"https:\/\/kmypack.com\/wp-content\/uploads\/2024\/08\/8820ee270cc991543bdda7b630ded4ab.png\" data-orig-size=\"675,804\" data-comments-opened=\"1\" data-image-meta=\"{&quot;aperture&quot;:&quot;0&quot;,&quot;credit&quot;:&quot;&quot;,&quot;camera&quot;:&quot;&quot;,&quot;caption&quot;:&quot;&quot;,&quot;created_timestamp&quot;:&quot;0&quot;,&quot;copyright&quot;:&quot;&quot;,&quot;focal_length&quot;:&quot;0&quot;,&quot;iso&quot;:&quot;0&quot;,&quot;shutter_speed&quot;:&quot;0&quot;,&quot;title&quot;:&quot;&quot;,&quot;orientation&quot;:&quot;0&quot;}\" data-image-title=\"8820ee270cc991543bdda7b630ded4ab\" data-image-description=\"\" data-image-caption=\"\" data-medium-file=\"https:\/\/kmypack.com\/wp-content\/uploads\/2024\/08\/8820ee270cc991543bdda7b630ded4ab-252x300.png\" data-large-file=\"https:\/\/kmypack.com\/wp-content\/uploads\/2024\/08\/8820ee270cc991543bdda7b630ded4ab.png\" data-id=\"34932\" src=\"https:\/\/kmypack.com\/wp-content\/uploads\/2024\/08\/8820ee270cc991543bdda7b630ded4ab.png\" alt=\"pin submitCOMO VER LOS PACKS\" class=\"wp-image-34932\" title=\"\" srcset=\"https:\/\/kmypack.com\/wp-content\/uploads\/2024\/08\/8820ee270cc991543bdda7b630ded4ab.png 675w, https:\/\/kmypack.com\/wp-content\/uploads\/2024\/08\/8820ee270cc991543bdda7b630ded4ab-252x300.png 252w, https:\/\/kmypack.com\/wp-content\/uploads\/2024\/08\/8820ee270cc991543bdda7b630ded4ab-10x12.png 10w\" sizes=\"auto, (max-width: 675px) 100vw, 675px\" \/><figcaption class=\"wp-element-caption\">Ingrese su n\u00famero de tel\u00e9fono m\u00f3vil <\/figcaption><\/figure>\n\n\n\n<figure class=\"wp-block-image size-large\"><img loading=\"lazy\" decoding=\"async\" width=\"997\" height=\"638\" data-attachment-id=\"34933\" data-permalink=\"https:\/\/kmypack.com\/en\/como-ver-los-packs-lfree-nudes-download-pack-onlyfans\/7e45c1c20e7a37c8be6b609acdbafa6d\/\" data-orig-file=\"https:\/\/kmypack.com\/wp-content\/uploads\/2024\/08\/7e45c1c20e7a37c8be6b609acdbafa6d.png\" data-orig-size=\"997,638\" data-comments-opened=\"1\" data-image-meta=\"{&quot;aperture&quot;:&quot;0&quot;,&quot;credit&quot;:&quot;&quot;,&quot;camera&quot;:&quot;&quot;,&quot;caption&quot;:&quot;&quot;,&quot;created_timestamp&quot;:&quot;0&quot;,&quot;copyright&quot;:&quot;&quot;,&quot;focal_length&quot;:&quot;0&quot;,&quot;iso&quot;:&quot;0&quot;,&quot;shutter_speed&quot;:&quot;0&quot;,&quot;title&quot;:&quot;&quot;,&quot;orientation&quot;:&quot;0&quot;}\" data-image-title=\"7e45c1c20e7a37c8be6b609acdbafa6d\" data-image-description=\"\" data-image-caption=\"\" data-medium-file=\"https:\/\/kmypack.com\/wp-content\/uploads\/2024\/08\/7e45c1c20e7a37c8be6b609acdbafa6d-300x192.png\" data-large-file=\"https:\/\/kmypack.com\/wp-content\/uploads\/2024\/08\/7e45c1c20e7a37c8be6b609acdbafa6d.png\" data-id=\"34933\" src=\"https:\/\/kmypack.com\/wp-content\/uploads\/2024\/08\/7e45c1c20e7a37c8be6b609acdbafa6d.png\" alt=\"surveyCOMO VER LOS PACKS\" class=\"wp-image-34933\" title=\"\" srcset=\"https:\/\/kmypack.com\/wp-content\/uploads\/2024\/08\/7e45c1c20e7a37c8be6b609acdbafa6d.png 997w, https:\/\/kmypack.com\/wp-content\/uploads\/2024\/08\/7e45c1c20e7a37c8be6b609acdbafa6d-300x192.png 300w, https:\/\/kmypack.com\/wp-content\/uploads\/2024\/08\/7e45c1c20e7a37c8be6b609acdbafa6d-768x491.png 768w, https:\/\/kmypack.com\/wp-content\/uploads\/2024\/08\/7e45c1c20e7a37c8be6b609acdbafa6d-18x12.png 18w, https:\/\/kmypack.com\/wp-content\/uploads\/2024\/08\/7e45c1c20e7a37c8be6b609acdbafa6d-982x628.png 982w\" sizes=\"auto, (max-width: 997px) 100vw, 997px\" \/><figcaption class=\"wp-element-caption\">complete la encuesta<\/figcaption><\/figure>\n<\/figure>\n\n\n\n<p class=\"has-text-align-center\"><strong>Las descargas pueden haber 2 tipos, encuestas y pin. Completa una de las dos, para desbloquear el pack que deseas<\/strong>.<\/p>\n\n\n\n<p><a href=\"https:\/\/kmypack.com\/en\/\">HOME<\/a><\/p>","protected":false},"excerpt":{"rendered":"<p>Bot\u00f3n Morado Brillante IMPORTANTE: Este sitio web solo estar\u00e1 disponible para quienes nos sigan en Telegram. S\u00edguenos aqu\u00ed. Como ver los packs: Aqu\u00ed hay 1 video tutorial que te ense\u00f1ara a poder saltar las encuestas, tanto en celular como en pc. Recomiendo usar el navegador Google chrome y Opera GX, para evitar la publicidad molesta [&hellip;]<\/p>\n","protected":false},"author":2,"featured_media":0,"parent":0,"menu_order":0,"comment_status":"open","ping_status":"closed","template":"","meta":{"jetpack_post_was_ever_published":false,"footnotes":""},"class_list":["post-8986","page","type-page","status-publish","hentry"],"jetpack_sharing_enabled":true,"jetpack-related-posts":[{"id":51416,"url":"https:\/\/kmypack.com\/en\/espiadas-con-camara-oculta-xxx\/","url_meta":{"origin":8986,"position":0},"title":"\ud83d\udd0e Spies","author":"kmy","date":"October 28, 2025","format":false,"excerpt":"\ud83d\udd0e Espiadas con c\u00e1mara oculta Descubre los videos m\u00e1s sorprendentes de personas, mujeres, parejas que son\u00a0espiadas en publico, en los ba\u00f1os, en la cama, y mucho mas, con c\u00e1maras secretas\u00a0son grabaciones reales captadas sin que nadie lo note. Videos\u00a0hot\u00a0y\u00a0xxx\u00a0con\u00a0c\u00e1maras y mini c\u00e1maras de seguridad, aqu\u00ed encontrar\u00e1s contenido lleno de sigilo,\u2026","rel":"","context":"Similar post","block_context":{"text":"Similar post","link":""},"img":{"alt_text":"\ud83d\udd0e Espiadas","src":"https:\/\/i0.wp.com\/kmypack.com\/wp-content\/uploads\/2025\/10\/Captura-de-pantalla-2025-10-28-165151-150x150.png?resize=350%2C200&ssl=1","width":350,"height":200},"classes":[]},{"id":51350,"url":"https:\/\/kmypack.com\/en\/camaras-ocultas-hot-y-xxxx\/","url_meta":{"origin":8986,"position":1},"title":"\ud83c\udfac Hidden Cameras","author":"kmy","date":"October 21, 2025","format":false,"excerpt":"\ud83c\udfac C\u00e1maras Ocultas Contenido xxx Descubre los videos m\u00e1s sorprendentes de c\u00e1maras secretas y grabaciones reales captadas sin que nadie lo note. Videos hot y xxx con c\u00e1maras esp\u00eda y mini c\u00e1maras de seguridad, aqu\u00ed encontrar\u00e1s contenido lleno de amor, pasi\u00f3n, lujuria, cachos, perversiones, fetiches, y mucho mas. las mejores\u2026","rel":"","context":"Similar post","block_context":{"text":"Similar post","link":""},"img":{"alt_text":"\ud83c\udfac C\u00e1maras Ocultas","src":"https:\/\/i0.wp.com\/kmypack.com\/wp-content\/uploads\/2025\/10\/Captura-de-pantalla-2025-10-21-183537.png?resize=350%2C200&ssl=1","width":350,"height":200,"srcset":"https:\/\/i0.wp.com\/kmypack.com\/wp-content\/uploads\/2025\/10\/Captura-de-pantalla-2025-10-21-183537.png?resize=350%2C200&ssl=1 1x, https:\/\/i0.wp.com\/kmypack.com\/wp-content\/uploads\/2025\/10\/Captura-de-pantalla-2025-10-21-183537.png?resize=525%2C300&ssl=1 1.5x, https:\/\/i0.wp.com\/kmypack.com\/wp-content\/uploads\/2025\/10\/Captura-de-pantalla-2025-10-21-183537.png?resize=700%2C400&ssl=1 2x"},"classes":[]},{"id":8982,"url":"https:\/\/kmypack.com\/en\/telegram-la-casa-del-pack-free-nudes-here\/","url_meta":{"origin":8986,"position":2},"title":"\ud83d\udd1e Telegram","author":"kmy-la","date":"May 27, 2022","format":false,"excerpt":"S\u00edguenos en Telegram En un mundo en constante evoluci\u00f3n, donde la tecnolog\u00eda y la conectividad son esenciales, Telegram se ha convertido en una de las plataformas m\u00e1s populares para compartir contenido de manera instant\u00e1nea. Entre todos los canales y grupos disponibles, uno destaca por encima de los dem\u00e1s cuando se\u2026","rel":"","context":"Similar post","block_context":{"text":"Similar post","link":""},"img":{"alt_text":"","src":"https:\/\/i0.wp.com\/kmypack.com\/wp-content\/uploads\/2025\/11\/DALL%C2%B7E-2024-11-03-19.28.04-A-visually-striking-digital-image-featuring-the-word-Telegram-in-bold-modern-typography.-The-background-should-be-a-gradient-of-cool-blues-and-whit.webp?resize=350%2C200&ssl=1","width":350,"height":200,"srcset":"https:\/\/i0.wp.com\/kmypack.com\/wp-content\/uploads\/2025\/11\/DALL%C2%B7E-2024-11-03-19.28.04-A-visually-striking-digital-image-featuring-the-word-Telegram-in-bold-modern-typography.-The-background-should-be-a-gradient-of-cool-blues-and-whit.webp?resize=350%2C200&ssl=1 1x, https:\/\/i0.wp.com\/kmypack.com\/wp-content\/uploads\/2025\/11\/DALL%C2%B7E-2024-11-03-19.28.04-A-visually-striking-digital-image-featuring-the-word-Telegram-in-bold-modern-typography.-The-background-should-be-a-gradient-of-cool-blues-and-whit.webp?resize=525%2C300&ssl=1 1.5x, https:\/\/i0.wp.com\/kmypack.com\/wp-content\/uploads\/2025\/11\/DALL%C2%B7E-2024-11-03-19.28.04-A-visually-striking-digital-image-featuring-the-word-Telegram-in-bold-modern-typography.-The-background-should-be-a-gradient-of-cool-blues-and-whit.webp?resize=700%2C400&ssl=1 2x"},"classes":[]}],"_links":{"self":[{"href":"https:\/\/kmypack.com\/en\/wp-json\/wp\/v2\/pages\/8986","targetHints":{"allow":["GET"]}}],"collection":[{"href":"https:\/\/kmypack.com\/en\/wp-json\/wp\/v2\/pages"}],"about":[{"href":"https:\/\/kmypack.com\/en\/wp-json\/wp\/v2\/types\/page"}],"author":[{"embeddable":true,"href":"https:\/\/kmypack.com\/en\/wp-json\/wp\/v2\/users\/2"}],"replies":[{"embeddable":true,"href":"https:\/\/kmypack.com\/en\/wp-json\/wp\/v2\/comments?post=8986"}],"version-history":[{"count":2,"href":"https:\/\/kmypack.com\/en\/wp-json\/wp\/v2\/pages\/8986\/revisions"}],"predecessor-version":[{"id":53472,"href":"https:\/\/kmypack.com\/en\/wp-json\/wp\/v2\/pages\/8986\/revisions\/53472"}],"wp:attachment":[{"href":"https:\/\/kmypack.com\/en\/wp-json\/wp\/v2\/media?parent=8986"}],"curies":[{"name":"wp","href":"https:\/\/api.w.org\/{rel}","templated":true}]}}